{"id":2331,"date":"2025-04-21T20:09:08","date_gmt":"2025-04-21T19:09:08","guid":{"rendered":"https:\/\/www.castle-school.co.uk\/?page_id=2331"},"modified":"2025-09-17T11:35:50","modified_gmt":"2025-09-17T10:35:50","slug":"indirimli-rezervasyon","status":"publish","type":"page","link":"https:\/\/www.castle-school.co.uk\/tr\/indirimli-rezervasyon\/","title":{"rendered":"discount-booking"},"content":{"rendered":"<div class=\"wpb-content-wrapper\"><section data-vc-full-width=\"true\" data-vc-full-width-init=\"false\" data-vc-stretch-content=\"true\" class=\"vc_row wpb_row vc_row-fluid vc_row-no-padding\"><div class=\"container-stretch-row-content-no-spaces\"><div class=\"wpb_column vc_column_container vc_col-sm-12\" ><div class=\"vc_column-inner\"><div class=\"wpb_wrapper\"><div id=\"home-slider\" data-slick=\"{}\"><div class=\"slide-item\"><img decoding=\"async\" src=\"https:\/\/www.castle-school.co.uk\/wp-content\/uploads\/2024\/06\/20231121_144518-scaled.jpg\"><div class=\"slide-wrap\"  ><div class=\"slide-content align-left\"><div class=\"container\"><\/p>\n<h1><strong>Eyl\u00fcl Ay\u0131 \u00d6zel Fiyatlar\u0131 ve Rezervasyon<\/strong><\/h1>\n<p>L\u00fctfen a\u015fa\u011f\u0131daki formu doldurun ve Eyl\u00fcl 2025 i\u00e7in indirimden yararlan\u0131n<\/div><\/div><\/div><\/div><\/div><\/div><\/div><\/div><\/div><\/section><div class=\"vc_row-full-width\"><\/div><section class=\"vc_row wpb_row vc_row-fluid\"><div class=\"container\"><div class=\"wpb_column vc_column_container vc_col-sm-12\" ><div class=\"vc_column-inner\"><div class=\"wpb_wrapper\">\n\t<div class=\"wpb_raw_code wpb_raw_html wpb_content_element\" >\n\t\t<div class=\"wpb_wrapper\">\n\t\t\t<noscript>Bu forma devam etmek i\u00e7in l\u00fctfen JavaScript'i etkinle\u015ftirin.<\/noscript>\n<fidelo-widget><\/fidelo-widget>\n<script src=\"https:\/\/proxy.fidelo.com\/app\/widget\/1.0\/castle\/js\/widget.js?c=TBBEB4ZCLTCVMC6P\"><\/script>\n\t\t<\/div>\n\t<\/div>\n<\/div><\/div><\/div><\/div><\/section>\n<\/div>","protected":false},"excerpt":{"rendered":"September Special Prices and Booking Please complete the form below and enjoy your discount for September 2025 Please enable JavaScript to continue with this form.","protected":false},"author":2,"featured_media":0,"parent":0,"menu_order":0,"comment_status":"closed","ping_status":"closed","template":"","meta":{"footnotes":""},"class_list":["post-2331","page","type-page","status-publish","hentry"],"yoast_head":"<!-- This site is optimized with the Yoast SEO plugin v27.5 - https:\/\/yoast.com\/product\/yoast-seo-wordpress\/ -->\n<title>discount-booking - Castle School Brighton<\/title>\n<meta name=\"robots\" content=\"index, follow, max-snippet:-1, max-image-preview:large, max-video-preview:-1\" \/>\n<link rel=\"canonical\" href=\"https:\/\/www.castle-school.co.uk\/tr\/indirimli-rezervasyon\/\" \/>\n<meta property=\"og:locale\" content=\"tr_TR\" \/>\n<meta property=\"og:type\" content=\"article\" \/>\n<meta property=\"og:title\" content=\"discount-booking - Castle School Brighton\" \/>\n<meta property=\"og:url\" content=\"https:\/\/www.castle-school.co.uk\/tr\/indirimli-rezervasyon\/\" \/>\n<meta property=\"og:site_name\" content=\"Castle School Brighton\" \/>\n<meta property=\"article:publisher\" content=\"https:\/\/www.facebook.com\/CastleSchoolofEnglish\/\" \/>\n<meta property=\"article:modified_time\" content=\"2025-09-17T10:35:50+00:00\" \/>\n<meta name=\"twitter:card\" content=\"summary_large_image\" \/>\n<meta name=\"twitter:label1\" content=\"Tahmini okuma s\u00fcresi\" \/>\n\t<meta name=\"twitter:data1\" content=\"1 dakika\" \/>\n<script type=\"application\/ld+json\" class=\"yoast-schema-graph\">{\"@context\":\"https:\\\/\\\/schema.org\",\"@graph\":[{\"@type\":[\"WebPage\",\"CheckoutPage\"],\"@id\":\"https:\\\/\\\/www.castle-school.co.uk\\\/discount-booking\\\/\",\"url\":\"https:\\\/\\\/www.castle-school.co.uk\\\/discount-booking\\\/\",\"name\":\"discount-booking - Castle School Brighton\",\"isPartOf\":{\"@id\":\"https:\\\/\\\/www.castle-school.co.uk\\\/#website\"},\"datePublished\":\"2025-04-21T19:09:08+00:00\",\"dateModified\":\"2025-09-17T10:35:50+00:00\",\"breadcrumb\":{\"@id\":\"https:\\\/\\\/www.castle-school.co.uk\\\/discount-booking\\\/#breadcrumb\"},\"inLanguage\":\"tr\",\"potentialAction\":[{\"@type\":\"ReadAction\",\"target\":[\"https:\\\/\\\/www.castle-school.co.uk\\\/discount-booking\\\/\"]}]},{\"@type\":\"BreadcrumbList\",\"@id\":\"https:\\\/\\\/www.castle-school.co.uk\\\/discount-booking\\\/#breadcrumb\",\"itemListElement\":[{\"@type\":\"ListItem\",\"position\":1,\"name\":\"Home\",\"item\":\"https:\\\/\\\/www.castle-school.co.uk\\\/\"},{\"@type\":\"ListItem\",\"position\":2,\"name\":\"discount-booking\"}]},{\"@type\":\"WebSite\",\"@id\":\"https:\\\/\\\/www.castle-school.co.uk\\\/#website\",\"url\":\"https:\\\/\\\/www.castle-school.co.uk\\\/\",\"name\":\"The Castle School of English\",\"description\":\"English school in Brighton, UK\",\"potentialAction\":[{\"@type\":\"SearchAction\",\"target\":{\"@type\":\"EntryPoint\",\"urlTemplate\":\"https:\\\/\\\/www.castle-school.co.uk\\\/?s={search_term_string}\"},\"query-input\":{\"@type\":\"PropertyValueSpecification\",\"valueRequired\":true,\"valueName\":\"search_term_string\"}}],\"inLanguage\":\"tr\"}]}<\/script>\n<!-- \/ Yoast SEO plugin. -->","yoast_head_json":{"title":"indirimli rezervasyon - Castle School Brighton","robots":{"index":"index","follow":"follow","max-snippet":"max-snippet:-1","max-image-preview":"max-image-preview:large","max-video-preview":"max-video-preview:-1"},"canonical":"https:\/\/www.castle-school.co.uk\/tr\/indirimli-rezervasyon\/","og_locale":"tr_TR","og_type":"article","og_title":"discount-booking - Castle School Brighton","og_url":"https:\/\/www.castle-school.co.uk\/tr\/indirimli-rezervasyon\/","og_site_name":"Castle School Brighton","article_publisher":"https:\/\/www.facebook.com\/CastleSchoolofEnglish\/","article_modified_time":"2025-09-17T10:35:50+00:00","twitter_card":"summary_large_image","twitter_misc":{"Tahmini okuma s\u00fcresi":"1 dakika"},"schema":{"@context":"https:\/\/schema.org","@graph":[{"@type":["WebPage","CheckoutPage"],"@id":"https:\/\/www.castle-school.co.uk\/discount-booking\/","url":"https:\/\/www.castle-school.co.uk\/discount-booking\/","name":"indirimli rezervasyon - Castle School Brighton","isPartOf":{"@id":"https:\/\/www.castle-school.co.uk\/#website"},"datePublished":"2025-04-21T19:09:08+00:00","dateModified":"2025-09-17T10:35:50+00:00","breadcrumb":{"@id":"https:\/\/www.castle-school.co.uk\/discount-booking\/#breadcrumb"},"inLanguage":"tr","potentialAction":[{"@type":"ReadAction","target":["https:\/\/www.castle-school.co.uk\/discount-booking\/"]}]},{"@type":"BreadcrumbList","@id":"https:\/\/www.castle-school.co.uk\/discount-booking\/#breadcrumb","itemListElement":[{"@type":"ListItem","position":1,"name":"Home","item":"https:\/\/www.castle-school.co.uk\/"},{"@type":"ListItem","position":2,"name":"discount-booking"}]},{"@type":"WebSite","@id":"https:\/\/www.castle-school.co.uk\/#website","url":"https:\/\/www.castle-school.co.uk\/","name":"The Castle \u0130ngilizce Okulu","description":"Brighton, Birle\u015fik Krall\u0131k'te \u0130ngilizce okulu","potentialAction":[{"@type":"SearchAction","target":{"@type":"EntryPoint","urlTemplate":"https:\/\/www.castle-school.co.uk\/?s={search_term_string}"},"query-input":{"@type":"PropertyValueSpecification","valueRequired":true,"valueName":"search_term_string"}}],"inLanguage":"tr"}]}},"_links":{"self":[{"href":"https:\/\/www.castle-school.co.uk\/tr\/wp-json\/wp\/v2\/pages\/2331","targetHints":{"allow":["GET"]}}],"collection":[{"href":"https:\/\/www.castle-school.co.uk\/tr\/wp-json\/wp\/v2\/pages"}],"about":[{"href":"https:\/\/www.castle-school.co.uk\/tr\/wp-json\/wp\/v2\/types\/page"}],"author":[{"embeddable":true,"href":"https:\/\/www.castle-school.co.uk\/tr\/wp-json\/wp\/v2\/users\/2"}],"replies":[{"embeddable":true,"href":"https:\/\/www.castle-school.co.uk\/tr\/wp-json\/wp\/v2\/comments?post=2331"}],"version-history":[{"count":8,"href":"https:\/\/www.castle-school.co.uk\/tr\/wp-json\/wp\/v2\/pages\/2331\/revisions"}],"predecessor-version":[{"id":2556,"href":"https:\/\/www.castle-school.co.uk\/tr\/wp-json\/wp\/v2\/pages\/2331\/revisions\/2556"}],"wp:attachment":[{"href":"https:\/\/www.castle-school.co.uk\/tr\/wp-json\/wp\/v2\/media?parent=2331"}],"curies":[{"name":"wp","href":"https:\/\/api.w.org\/{rel}","templated":true}]}}