{"id":1123,"date":"2024-06-04T14:40:07","date_gmt":"2024-06-04T13:40:07","guid":{"rendered":"https:\/\/www.castle-school.co.uk\/?page_id=1123"},"modified":"2026-04-02T10:41:22","modified_gmt":"2026-04-02T09:41:22","slug":"sigorta","status":"publish","type":"page","link":"https:\/\/www.castle-school.co.uk\/tr\/brightonda-i%cc%87ngi%cc%87li%cc%87zce-ogreni%cc%87n\/sigorta\/","title":{"rendered":"\u00d6\u011frenci Sigortas\u0131"},"content":{"rendered":"<div class=\"wpb-content-wrapper\"><section data-vc-full-width=\"true\" data-vc-full-width-init=\"false\" data-vc-stretch-content=\"true\" class=\"vc_row wpb_row vc_row-fluid vc_row-no-padding\"><div class=\"container-stretch-row-content-no-spaces\"><div class=\"wpb_column vc_column_container vc_col-sm-12\" ><div class=\"vc_column-inner \"><div class=\"wpb_wrapper\"><div id=\"home-slider\" data-slick=\"{}\"><div class=\"slide-item\"><img decoding=\"async\" src=\"https:\/\/www.castle-school.co.uk\/wp-content\/uploads\/2024\/06\/banner_2.jpg\"><div class=\"slide-wrap \"  ><div class=\"slide-content align-left \"><div class=\"container\"><\/p>\n<h1 class=\"title\">Student insurance<\/h1>\n<p>We want to help you, and your students, enjoy their English Language experience in Brighton as much as possible.<\/div><\/div><\/div><\/div><\/div><\/div><\/div><\/div><\/div><\/section><div class=\"vc_row-full-width\"><\/div><section class=\"vc_row wpb_row vc_row-fluid\"><div class=\"container-fluid\"><div class=\"row\"><div class=\"col-lg-5 img-side img-right\"><div class=\"img-holder\"><img decoding=\"async\" src=\"https:\/\/www.castle-school.co.uk\/wp-content\/uploads\/2024\/06\/IMG_20230818_230009_388.jpg\" alt=\"\" class=\"bg-img\"><\/div><\/div><\/div><\/div><div class=\"container\"><div class=\"wpb_column vc_column_container vc_col-sm-12 vc_col-md-6\" ><div class=\"vc_column-inner \"><div class=\"wpb_wrapper\"><div class=\"title text-left primary\"><h3 class=\"\">We are now offering a comprehensive student insurance package<\/h3><\/div>\n  <div class=\"wpb_text_column wpb_content_element  \" >\n    <div class=\"wpb_wrapper\">\n      <p>Castle School is in partnership with Endsleigh Insurance, we are now offering a comprehensive student insurance package for all students who study at Castle School of English in Brighton. Please <a href=\"https:\/\/www.castle-school.co.uk\/contact-us\/\">contact us<\/a> for more information, or to add this insurance to your booking.<\/p>\n<p>This international student travel insurance policy is designed to cater for the insurance needs of persons studying in the UK at our school, or on a trip arranged by Castle School of English Brighton. The product provides cover including emergency medical assistance and medical costs, protection in the event of cancellation or curtailment, cover for loss, theft of or damage to baggage and personal money.<\/p>\n\n    <\/div>\n  <\/div>\n<div class=\"vc_empty_space\"   style=\"height: 32px\"><span class=\"vc_empty_space_inner\"><\/span><\/div>\n\t<div  class=\"wpb_single_image  wpb_content_element vc_align_left\">\n\t\t\n\t\t<figure class=\"wpb_wrapper vc_figure\">\n\t\t\t<div class=\"vc_single_image-wrapper   vc_box_border_grey\"><img loading=\"lazy\" decoding=\"async\" width=\"6220\" height=\"930\" src=\"https:\/\/www.castle-school.co.uk\/wp-content\/uploads\/2024\/06\/Endsleigh-Howden-Endorsed-Horizontal.png\" class=\"vc_single_image-img attachment-full\" alt=\"\" title=\"Endsleigh-Howden-Endorsed-Horizontal\" srcset=\"https:\/\/www.castle-school.co.uk\/wp-content\/uploads\/2024\/06\/Endsleigh-Howden-Endorsed-Horizontal.png 6220w, https:\/\/www.castle-school.co.uk\/wp-content\/uploads\/2024\/06\/Endsleigh-Howden-Endorsed-Horizontal-1024x153.png 1024w, https:\/\/www.castle-school.co.uk\/wp-content\/uploads\/2024\/06\/Endsleigh-Howden-Endorsed-Horizontal-1536x230.png 1536w, https:\/\/www.castle-school.co.uk\/wp-content\/uploads\/2024\/06\/Endsleigh-Howden-Endorsed-Horizontal-2048x306.png 2048w\" sizes=\"auto, (max-width: 6220px) 100vw, 6220px\" \/><\/div>\n\t\t<\/figure>\n\t<\/div>\n<\/div><\/div><\/div><\/div><\/section><section class=\"vc_row wpb_row vc_row-fluid vc_custom_1717498313319 parallax-section parallax-light-overlay parallax-right\"><div class=\"row-parallax-bg\">\n  <div class=\"parallax-wrapper\">\n    <div class=\"parallax-bg\" style=\"background-image: url();\"><\/div>\n    <div class=\"parallax-overlay light-overlay\"><div class=\"inner-parallax\"><\/div><\/div>\n  <\/div>\n  <\/div><div class=\"img-wrapper d-block d-lg-none\"><img decoding=\"async\" src=\"\"><div class=\"wrapper-overlay\"><\/div><\/div><div class=\"container\"><div class=\"wpb_column vc_column_container vc_col-sm-12\" ><div class=\"vc_column-inner \"><div class=\"wpb_wrapper\"><div class=\"vc_row wpb_row vc_inner vc_row-fluid vc_column-gap-20\"><div class=\"wpb_column vc_column_container vc_col-sm-6\" ><div class=\"vc_column-inner \"><div class=\"wpb_wrapper my-auto\"><div class=\"title text-left primary\"><h4 class=\"\">Key features and benefits:<\/h4><\/div>\n  <div class=\"wpb_text_column wpb_content_element  \" >\n    <div class=\"wpb_wrapper\">\n      <ul class=\"tick-list\">\n<li class=\"tick-list\">A 24-hour helpline for medical emergencies<\/li>\n<li class=\"tick-list\">Emergency medical expenses in the event of illness or injury<\/li>\n<li class=\"tick-list\">Protection against cancellation or curtailment charges<\/li>\n<li class=\"tick-list\">Cover for loss or damage to baggage and personal money<\/li>\n<li class=\"tick-list\">A wide range of sports and activities covered<\/li>\n<li class=\"tick-list\">Cover for irrecoverable pre-paid college, university or language school fees<\/li>\n<li class=\"tick-list\">Leisure trips within Europe and any trip outside the UK if part of your course<\/li>\n<\/ul>\n\n    <\/div>\n  <\/div>\n<\/div><\/div><\/div><div class=\"wpb_column vc_column_container vc_col-sm-6\" ><div class=\"vc_column-inner \"><div class=\"wpb_wrapper my-auto\"><div class=\"title text-left primary\"><h4 class=\"\">Key eligibility criteria and exclusions:<\/h4><\/div>\n  <div class=\"wpb_text_column wpb_content_element  \" >\n    <div class=\"wpb_wrapper\">\n      <ul class=\"tick-list\">\n<li class=\"cross-item\">Not available to anyone aged 66 or over<\/li>\n<li class=\"cross-item\">No cover under cancellation or curtailment charges, emergency medical expenses or personal accident relating to any reason set out under \u2018Important conditions relating to health\u2019 \u2013 see group policy wording<\/li>\n<li class=\"cross-item\">No cover where the FCO or World Health Organisation has advised against travel<\/li>\n<li class=\"cross-item\">No cover where travel is not departing from and returning to your home country<\/li>\n<li class=\"cross-item\">Each claim will be subject to a \u00a350 excess wherever an excess applies<\/li>\n<\/ul>\n\n    <\/div>\n  <\/div>\n<\/div><\/div><\/div><\/div><\/div><\/div><\/div><\/div><\/section><section class=\"vc_row wpb_row vc_row-fluid parallax-section parallax-right\"><div class=\"row-parallax-bg\">\n  <div class=\"parallax-wrapper\">\n    <div class=\"parallax-bg\" style=\"background-image: url(https:\/\/www.castle-school.co.uk\/wp-content\/uploads\/2024\/06\/blue_1.jpg);\"><\/div>\n    <div class=\"parallax-overlay\"><div class=\"inner-parallax\"><\/div><\/div>\n  <\/div>\n  <\/div><div class=\"img-wrapper d-block d-lg-none\"><img decoding=\"async\" src=\"https:\/\/www.castle-school.co.uk\/wp-content\/uploads\/2024\/06\/blue_1.jpg\"><div class=\"wrapper-overlay\"><\/div><\/div><div class=\"container\"><div class=\"wpb_column vc_column_container vc_col-sm-12\" ><div class=\"vc_column-inner \"><div class=\"wpb_wrapper\"><div class=\"vc_row wpb_row vc_inner vc_row-fluid\"><div class=\"wpb_column vc_column_container vc_col-sm-12 vc_col-md-offset-6 vc_col-md-6\" ><div class=\"vc_column-inner \"><div class=\"wpb_wrapper my-auto\"><div class=\"title text-left primary\"><h3 class=\"h1\">Summary of coverage limits<\/h3><\/div>\n  <div class=\"wpb_text_column wpb_content_element  \" >\n    <div class=\"wpb_wrapper\">\n      <p>Please view a summary of the maximum amounts payable under each section. Please note the group policy is subject to terms, conditions, limits, and exclusions. Refer to the group policy wording and the statement of insurance for full details of the cover available.<\/p>\n\n    <\/div>\n  <\/div>\n<div class=\"btn-container inline-btn-container\"><a  href=\"#table\" class=\"btn btn-secondary\"  >View insurance summary<\/a><\/div><\/div><\/div><\/div><\/div><\/div><\/div><\/div><\/div><\/section><section id=\"table\" class=\"vc_row wpb_row vc_row-fluid grey-bg\"><div class=\"container\"><div class=\"wpb_column vc_column_container vc_col-sm-12 vc_col-lg-offset-2 vc_col-lg-8\" ><div class=\"vc_column-inner \"><div class=\"wpb_wrapper\">\n  <div class=\"wpb_text_column wpb_content_element  \" >\n    <div class=\"wpb_wrapper\">\n      <table class=\"table\">\n<thead>\n<tr>\n<th scope=\"col\">Benefits<\/th>\n<th scope=\"col\">Maximum<\/th>\n<th scope=\"col\">Excess<\/th>\n<\/tr>\n<\/thead>\n<tbody>\n<tr>\n<td>Cancellation or curtailment charges<\/td>\n<td>\u00a33,000<\/td>\n<td>\u00a350<\/td>\n<\/tr>\n<tr>\n<td>Emergency medical &amp; other expenses<\/td>\n<td>\u00a32,000,000<\/td>\n<td>\u00a350<\/td>\n<\/tr>\n<tr>\n<td>Emergency dental treatment<\/td>\n<td>\u00a3500<\/td>\n<td>\u00a30<\/td>\n<\/tr>\n<tr>\n<td>Personal accident (subject to age)<\/td>\n<td>\u00a330,000<\/td>\n<td>\u00a30<\/td>\n<\/tr>\n<tr>\n<td>Baggage<\/td>\n<td>\u00a31,000<\/td>\n<td>\u00a350<\/td>\n<\/tr>\n<tr>\n<td>Baggage &#8211; Single article, pair or set limit<\/td>\n<td>\u00a3200<\/td>\n<td>N\/A<\/td>\n<\/tr>\n<tr>\n<td>Baggage &#8211; Valuables limit in total<\/td>\n<td>\u00a3300<\/td>\n<td>N\/A<\/td>\n<\/tr>\n<tr>\n<td>Currency, notes and coins<\/td>\n<td>\u00a3100<\/td>\n<td>N\/A<\/td>\n<\/tr>\n<tr>\n<td>Other personal money and documents<\/td>\n<td>\u00a3100<\/td>\n<td>N\/A<\/td>\n<\/tr>\n<tr>\n<td>Passport or visa<\/td>\n<td>\u00a3500<\/td>\n<td>N\/A<\/td>\n<\/tr>\n<tr>\n<td>Personal liability<\/td>\n<td>\u00a31,000,000<\/td>\n<td>\u00a3100<\/td>\n<\/tr>\n<tr>\n<td>Missed departure<\/td>\n<td>\u00a3250<\/td>\n<td>\u00a30<\/td>\n<\/tr>\n<tr>\n<td>Overseas legal expenses &amp; assistance<\/td>\n<td>\u00a350,000<\/td>\n<td>\u00a30<\/td>\n<\/tr>\n<tr>\n<td>Course fees<\/td>\n<td>\u00a38,000<\/td>\n<td>\u00a350<\/td>\n<\/tr>\n<\/tbody>\n<\/table>\n\n    <\/div>\n  <\/div>\n<\/div><\/div><\/div><\/div><\/section><section class=\"vc_row wpb_row vc_row-fluid\"><div class=\"container-fluid\"><div class=\"row\"><div class=\"col-lg-5 img-side img-right\"><div class=\"img-holder\"><img decoding=\"async\" src=\"https:\/\/www.castle-school.co.uk\/wp-content\/uploads\/2024\/06\/castle_14.jpg\" alt=\"\" class=\"bg-img\"><\/div><\/div><\/div><\/div><div class=\"container\"><div class=\"wpb_column vc_column_container vc_col-sm-12 vc_col-md-6\" ><div class=\"vc_column-inner \"><div class=\"wpb_wrapper\"><div class=\"title text-left primary\"><h3 class=\"\">Information documents<\/h3><\/div>\n  <div class=\"wpb_text_column wpb_content_element  \" >\n    <div class=\"wpb_wrapper\">\n      <p>Endsleigh Insurance Services Limited is authorised and regulated by the Financial Conduct Authority. This can be checked on the Financial Services Register by visiting its website at <a href=\"https:\/\/register.fca.org.uk\/.Endsleigh\" target=\"_blank\" rel=\"noopener\">Insurance Services Limited<\/a>. Company No. 856706 registered in England at Shurdington Road, Cheltenham Spa, Gloucestershire GL51 4UE<\/p>\n<p><a href=\"https:\/\/www.castle-school.co.uk\/wp-content\/uploads\/2025\/03\/IPID-2025-BI9-0000469-The-Castle-School-of-English.pdf\">Insurance Product Information Document<\/a><br \/>\n<a href=\"https:\/\/www.castle-school.co.uk\/wp-content\/uploads\/2025\/03\/International-Student-Policy-Summary-ENGLISH-v1.0.pdf\" target=\"_blank\" rel=\"noopener\">Insurance Summary &#8211; English<\/a><br \/>\n<a href=\"https:\/\/www.castle-school.co.uk\/wp-content\/uploads\/2025\/03\/International-Student-Policy-Summary-Italian.pdf\" target=\"_blank\" rel=\"noopener\">Insurance Summary &#8211; Italian<\/a><br \/>\n<a href=\"https:\/\/www.castle-school.co.uk\/wp-content\/uploads\/2025\/03\/International-Student-Policy-Summary-Spanish.pdf\" target=\"_blank\" rel=\"noopener\">Insurance Summary &#8211; Spanish<\/a><br \/>\n<a href=\"https:\/\/www.castle-school.co.uk\/wp-content\/uploads\/2025\/03\/International-Student-Policy-Summary-Turkish.pdf\" target=\"_blank\" rel=\"noopener\">Insurance Summary &#8211; Turkish<\/a><br \/>\n<a href=\"https:\/\/www.castle-school.co.uk\/wp-content\/uploads\/2025\/03\/International-Student-Policy-Summary-Arabic.pdf\" target=\"_blank\" rel=\"noopener\">Insurance Summary &#8211; Arabic<\/a><\/p>\n<p>More languages and info are available on request &#8211;\u00a0<a href=\"mailto:admin@castle-school.co.uk\">contact us<\/a>\u00a0for more.<\/p>\n\n    <\/div>\n  <\/div>\n<\/div><\/div><\/div><\/div><\/section><section class=\"vc_row wpb_row vc_row-fluid grey-bg pb-50\"><div class=\"container\"><div class=\"wpb_column vc_column_container vc_col-sm-12\" ><div class=\"vc_column-inner \"><div class=\"wpb_wrapper\"><div class=\"title text-left primary\"><h3 class=\"\">Send us a message<\/h3><\/div>\n  <div class=\"wpb_text_column wpb_content_element   mb-0\" >\n    <div class=\"wpb_wrapper\">\n      <div class=\"frm_forms  with_frm_style frm_style_formidable-style\" id=\"frm_form_1_container\" >\n<form enctype=\"multipart\/form-data\" method=\"post\" class=\"frm-show-form  frm_pro_form \" id=\"form_contact-form\" >\n<div class=\"frm_form_fields \">\n<fieldset>\n<legend class=\"frm_screen_reader\">Contact Us<\/legend>\r\n\r\n<div class=\"frm_fields_container\">\n<input type=\"hidden\" name=\"frm_action\" value=\"create\" \/>\n<input type=\"hidden\" name=\"form_id\" value=\"1\" \/>\n<input type=\"hidden\" name=\"frm_hide_fields_1\" id=\"frm_hide_fields_1\" value=\"\" \/>\n<input type=\"hidden\" name=\"form_key\" value=\"contact-form\" \/>\n<input type=\"hidden\" name=\"item_meta[0]\" value=\"\" \/>\n<input type=\"hidden\" id=\"frm_submit_entry_1\" name=\"frm_submit_entry_1\" value=\"3ed9bdaaf4\" \/><input type=\"hidden\" name=\"_wp_http_referer\" value=\"\/tr\/wp-json\/wp\/v2\/pages\/1123\" \/><div id=\"frm_field_1_container\" class=\"frm_form_field form-field  frm_required_field frm_none_container frm4 frm_first\">\r\n    <label for=\"field_qh4icy\" id=\"field_qh4icy_label\" class=\"frm_primary_label\">Name\r\n        <span class=\"frm_required\" aria-hidden=\"true\">*<\/span>\r\n    <\/label>\r\n    <input  type=\"text\" id=\"field_qh4icy\" name=\"item_meta[1]\" value=\"\"  placeholder=\"Name\" data-reqmsg=\"Name cannot be blank.\" aria-required=\"true\" data-invmsg=\"Name is invalid\" aria-invalid=\"false\"   \/>\r\n    \r\n    \r\n<\/div>\n<div id=\"frm_field_3_container\" class=\"frm_form_field form-field  frm_required_field frm_none_container frm4\">\r\n    <label for=\"field_29yf4d\" id=\"field_29yf4d_label\" class=\"frm_primary_label\">Email\r\n        <span class=\"frm_required\" aria-hidden=\"true\">*<\/span>\r\n    <\/label>\r\n    <input type=\"email\" id=\"field_29yf4d\" name=\"item_meta[3]\" value=\"\"  placeholder=\"Email\" data-reqmsg=\"Email cannot be blank.\" aria-required=\"true\" data-invmsg=\"Please enter a valid email address\" aria-invalid=\"false\"  \/>\r\n    \r\n    \r\n<\/div>\n<div id=\"frm_field_6_container\" class=\"frm_form_field form-field  frm_required_field frm_none_container frm4\">\r\n    <label for=\"field_cnf76\" id=\"field_cnf76_label\" class=\"frm_primary_label\">Nationality\r\n        <span class=\"frm_required\" aria-hidden=\"true\">*<\/span>\r\n    <\/label>\r\n    <input  type=\"text\" id=\"field_cnf76\" name=\"item_meta[6]\" value=\"\"  placeholder=\"Nationality\" data-reqmsg=\"Nationality cannot be blank.\" aria-required=\"true\" data-invmsg=\"Text is invalid\" aria-invalid=\"false\"   \/>\r\n    \r\n    \r\n<\/div>\n<div id=\"frm_field_5_container\" class=\"frm_form_field form-field  frm_required_field frm_none_container frm_full\">\r\n    <label for=\"field_9jv0r1\" id=\"field_9jv0r1_label\" class=\"frm_primary_label\">How can we help?\r\n        <span class=\"frm_required\" aria-hidden=\"true\">*<\/span>\r\n    <\/label>\r\n    <textarea name=\"item_meta[5]\" id=\"field_9jv0r1\" rows=\"3\"  placeholder=\"How can we help?\" data-reqmsg=\"How can we help? cannot be blank.\" aria-required=\"true\" data-invmsg=\"How can we help? is invalid\" aria-invalid=\"false\"  ><\/textarea>\r\n    \r\n    \r\n<\/div>\n<div id=\"frm_field_42_container\" class=\"frm_form_field form-field  frm_none_container\">\n\t<label for=\"g-recaptcha-response\" id=\"field_adfeo_label\" class=\"frm_primary_label\">Captcha\n\t\t<span class=\"frm_required\" aria-hidden=\"true\"><\/span>\n\t<\/label>\n\t<div  id=\"field_adfeo\" class=\"frm-g-recaptcha\" data-sitekey=\"6Lf5uxUqAAAAAGCL_v1_es81SthU0MHZy_4-28-G\" data-size=\"invisible\" data-theme=\"light\"><\/div>\n\t\n\t\n<\/div>\n<div id=\"frm_field_41_container\" class=\"frm_form_field form-field \">\r\n\t<div class=\"frm_submit\">\r\n\r\n<button class=\"frm_button_submit frm_final_submit\" type=\"submit\"   formnovalidate=\"formnovalidate\">Send this form<\/button>\r\n\r\n\r\n<\/div>\r\n<\/div>\n\t<input type=\"hidden\" name=\"item_key\" value=\"\" \/>\n\t\t\t<div id=\"frm_field_43_container\">\n\t\t\t<label for=\"field_6e6vk\" >\n\t\t\t\tIf you are human, leave this field blank.\t\t\t<\/label>\n\t\t\t<input  id=\"field_6e6vk\" type=\"text\" class=\"frm_form_field form-field frm_verify\" name=\"item_meta[43]\" value=\"\"  \/>\n\t\t<\/div>\n\t\t<input name=\"frm_state\" type=\"hidden\" value=\"j747S5jX0WbjcBPFTk49d4nNlic1FbvVsVsd\/thIyagK38caG4BZmZv1Y90uwwnt\" \/><\/div>\n<\/fieldset>\n<\/div>\n\n<\/form>\n<\/div>\n\n\n    <\/div>\n  <\/div>\n<\/div><\/div><\/div><\/div><\/section>\n<\/div>","protected":false},"excerpt":{"rendered":"Student insurance We want to help you, and your students, enjoy their English Language experience in Brighton as much as possible.We are now offering a comprehensive student insurance package Castle School is in partnership with Endsleigh Insurance, we are now offering a comprehensive student insurance package for all students who study at Castle School of [...]","protected":false},"author":1,"featured_media":0,"parent":1016,"menu_order":0,"comment_status":"closed","ping_status":"closed","template":"","meta":{"footnotes":""},"class_list":["post-1123","page","type-page","status-publish","hentry"],"yoast_head":"<!-- This site is optimized with the Yoast SEO plugin v27.3 - https:\/\/yoast.com\/product\/yoast-seo-wordpress\/ -->\n<title>Student Insurance - Castle School Brighton<\/title>\n<meta name=\"robots\" content=\"index, follow, max-snippet:-1, max-image-preview:large, max-video-preview:-1\" \/>\n<link rel=\"canonical\" href=\"https:\/\/www.castle-school.co.uk\/tr\/brightonda-i\u0307ngi\u0307li\u0307zce-ogreni\u0307n\/sigorta\/\" \/>\n<meta property=\"og:locale\" content=\"tr_TR\" \/>\n<meta property=\"og:type\" content=\"article\" \/>\n<meta property=\"og:title\" content=\"Student Insurance - Castle School Brighton\" \/>\n<meta property=\"og:url\" content=\"https:\/\/www.castle-school.co.uk\/tr\/brightonda-i\u0307ngi\u0307li\u0307zce-ogreni\u0307n\/sigorta\/\" \/>\n<meta property=\"og:site_name\" content=\"Castle School Brighton\" \/>\n<meta property=\"article:publisher\" content=\"https:\/\/www.facebook.com\/CastleSchoolofEnglish\/\" \/>\n<meta property=\"article:modified_time\" content=\"2026-04-02T09:41:22+00:00\" \/>\n<meta name=\"twitter:card\" content=\"summary_large_image\" \/>\n<meta name=\"twitter:label1\" content=\"Tahmini okuma s\u00fcresi\" \/>\n\t<meta name=\"twitter:data1\" content=\"4 dakika\" \/>\n<script type=\"application\/ld+json\" class=\"yoast-schema-graph\">{\"@context\":\"https:\\\/\\\/schema.org\",\"@graph\":[{\"@type\":\"WebPage\",\"@id\":\"https:\\\/\\\/www.castle-school.co.uk\\\/study-english-in-brighton\\\/insurance\\\/\",\"url\":\"https:\\\/\\\/www.castle-school.co.uk\\\/study-english-in-brighton\\\/insurance\\\/\",\"name\":\"Student Insurance - Castle School Brighton\",\"isPartOf\":{\"@id\":\"https:\\\/\\\/www.castle-school.co.uk\\\/#website\"},\"datePublished\":\"2024-06-04T13:40:07+00:00\",\"dateModified\":\"2026-04-02T09:41:22+00:00\",\"breadcrumb\":{\"@id\":\"https:\\\/\\\/www.castle-school.co.uk\\\/study-english-in-brighton\\\/insurance\\\/#breadcrumb\"},\"inLanguage\":\"tr\",\"potentialAction\":[{\"@type\":\"ReadAction\",\"target\":[\"https:\\\/\\\/www.castle-school.co.uk\\\/study-english-in-brighton\\\/insurance\\\/\"]}]},{\"@type\":\"BreadcrumbList\",\"@id\":\"https:\\\/\\\/www.castle-school.co.uk\\\/study-english-in-brighton\\\/insurance\\\/#breadcrumb\",\"itemListElement\":[{\"@type\":\"ListItem\",\"position\":1,\"name\":\"Home\",\"item\":\"https:\\\/\\\/www.castle-school.co.uk\\\/\"},{\"@type\":\"ListItem\",\"position\":2,\"name\":\"Study English in Brighton\",\"item\":\"https:\\\/\\\/www.castle-school.co.uk\\\/study-english-in-brighton\\\/\"},{\"@type\":\"ListItem\",\"position\":3,\"name\":\"Student Insurance\"}]},{\"@type\":\"WebSite\",\"@id\":\"https:\\\/\\\/www.castle-school.co.uk\\\/#website\",\"url\":\"https:\\\/\\\/www.castle-school.co.uk\\\/\",\"name\":\"The Castle School of English\",\"description\":\"English school in Brighton, UK\",\"potentialAction\":[{\"@type\":\"SearchAction\",\"target\":{\"@type\":\"EntryPoint\",\"urlTemplate\":\"https:\\\/\\\/www.castle-school.co.uk\\\/?s={search_term_string}\"},\"query-input\":{\"@type\":\"PropertyValueSpecification\",\"valueRequired\":true,\"valueName\":\"search_term_string\"}}],\"inLanguage\":\"tr\"}]}<\/script>\n<!-- \/ Yoast SEO plugin. -->","yoast_head_json":{"title":"\u00d6\u011frenci Sigortas\u0131 - Brighton Castle School","robots":{"index":"index","follow":"follow","max-snippet":"max-snippet:-1","max-image-preview":"max-image-preview:large","max-video-preview":"max-video-preview:-1"},"canonical":"https:\/\/www.castle-school.co.uk\/tr\/brightonda-i\u0307ngi\u0307li\u0307zce-ogreni\u0307n\/sigorta\/","og_locale":"tr_TR","og_type":"article","og_title":"Student Insurance - Castle School Brighton","og_url":"https:\/\/www.castle-school.co.uk\/tr\/brightonda-i\u0307ngi\u0307li\u0307zce-ogreni\u0307n\/sigorta\/","og_site_name":"Castle School Brighton","article_publisher":"https:\/\/www.facebook.com\/CastleSchoolofEnglish\/","article_modified_time":"2026-04-02T09:41:22+00:00","twitter_card":"summary_large_image","twitter_misc":{"Tahmini okuma s\u00fcresi":"4 dakika"},"schema":{"@context":"https:\/\/schema.org","@graph":[{"@type":"WebPage","@id":"https:\/\/www.castle-school.co.uk\/study-english-in-brighton\/insurance\/","url":"https:\/\/www.castle-school.co.uk\/study-english-in-brighton\/insurance\/","name":"\u00d6\u011frenci Sigortas\u0131 - Brighton Castle School","isPartOf":{"@id":"https:\/\/www.castle-school.co.uk\/#website"},"datePublished":"2024-06-04T13:40:07+00:00","dateModified":"2026-04-02T09:41:22+00:00","breadcrumb":{"@id":"https:\/\/www.castle-school.co.uk\/study-english-in-brighton\/insurance\/#breadcrumb"},"inLanguage":"tr","potentialAction":[{"@type":"ReadAction","target":["https:\/\/www.castle-school.co.uk\/study-english-in-brighton\/insurance\/"]}]},{"@type":"BreadcrumbList","@id":"https:\/\/www.castle-school.co.uk\/study-english-in-brighton\/insurance\/#breadcrumb","itemListElement":[{"@type":"ListItem","position":1,"name":"Home","item":"https:\/\/www.castle-school.co.uk\/"},{"@type":"ListItem","position":2,"name":"Study English in Brighton","item":"https:\/\/www.castle-school.co.uk\/study-english-in-brighton\/"},{"@type":"ListItem","position":3,"name":"Student Insurance"}]},{"@type":"WebSite","@id":"https:\/\/www.castle-school.co.uk\/#website","url":"https:\/\/www.castle-school.co.uk\/","name":"The Castle \u0130ngilizce Okulu","description":"Brighton, Birle\u015fik Krall\u0131k'te \u0130ngilizce okulu","potentialAction":[{"@type":"SearchAction","target":{"@type":"EntryPoint","urlTemplate":"https:\/\/www.castle-school.co.uk\/?s={search_term_string}"},"query-input":{"@type":"PropertyValueSpecification","valueRequired":true,"valueName":"search_term_string"}}],"inLanguage":"tr"}]}},"_links":{"self":[{"href":"https:\/\/www.castle-school.co.uk\/tr\/wp-json\/wp\/v2\/pages\/1123","targetHints":{"allow":["GET"]}}],"collection":[{"href":"https:\/\/www.castle-school.co.uk\/tr\/wp-json\/wp\/v2\/pages"}],"about":[{"href":"https:\/\/www.castle-school.co.uk\/tr\/wp-json\/wp\/v2\/types\/page"}],"author":[{"embeddable":true,"href":"https:\/\/www.castle-school.co.uk\/tr\/wp-json\/wp\/v2\/users\/1"}],"replies":[{"embeddable":true,"href":"https:\/\/www.castle-school.co.uk\/tr\/wp-json\/wp\/v2\/comments?post=1123"}],"version-history":[{"count":35,"href":"https:\/\/www.castle-school.co.uk\/tr\/wp-json\/wp\/v2\/pages\/1123\/revisions"}],"predecessor-version":[{"id":2214,"href":"https:\/\/www.castle-school.co.uk\/tr\/wp-json\/wp\/v2\/pages\/1123\/revisions\/2214"}],"up":[{"embeddable":true,"href":"https:\/\/www.castle-school.co.uk\/tr\/wp-json\/wp\/v2\/pages\/1016"}],"wp:attachment":[{"href":"https:\/\/www.castle-school.co.uk\/tr\/wp-json\/wp\/v2\/media?parent=1123"}],"curies":[{"name":"wp","href":"https:\/\/api.w.org\/{rel}","templated":true}]}}