{"id":996,"date":"2024-05-29T12:33:03","date_gmt":"2024-05-29T11:33:03","guid":{"rendered":"https:\/\/www.castle-school.co.uk\/?page_id=996"},"modified":"2025-09-17T11:37:26","modified_gmt":"2025-09-17T10:37:26","slug":"payment","status":"publish","type":"page","link":"https:\/\/www.castle-school.co.uk\/fr\/payment\/","title":{"rendered":"Payment"},"content":{"rendered":"<div class=\"wpb-content-wrapper\"><section data-vc-full-width=\"true\" data-vc-full-width-init=\"false\" data-vc-stretch-content=\"true\" class=\"vc_row wpb_row vc_row-fluid vc_row-no-padding\"><div class=\"container-stretch-row-content-no-spaces\"><div class=\"wpb_column vc_column_container vc_col-sm-12\" ><div class=\"vc_column-inner\"><div class=\"wpb_wrapper\"><div id=\"home-slider\" data-slick=\"{}\"><div class=\"slide-item\"><img decoding=\"async\" src=\"https:\/\/www.castle-school.co.uk\/wp-content\/uploads\/2024\/05\/slider_one-scaled.jpg\"><div class=\"slide-wrap\"  ><div class=\"slide-content align-left\"><div class=\"container\"><\/p>\n<h1>Cours d'anglais \u00e0 Brighton<\/h1>\n<p>\u00c9tudiez l'anglais avec une \u00e9cole d'anglais accr\u00e9dit\u00e9e par le British Council \u00e0 Brighton, au Royaume-Uni. Nos professeurs sont sympathiques et professionnels. Nous vous aiderons \u00e0 r\u00e9ussir dans la communaut\u00e9 internationale. Apprenez l'anglais rapidement dans notre fantastique \u00e9cole d'anglais.\n\t<div  class=\"wpb_single_image  wpb_content_element vc_align_left\">\n\t\t\n\t\t<figure class=\"wpb_wrapper vc_figure\">\n\t\t\t<div class=\"vc_single_image-wrapper   vc_box_border_grey\"><img decoding=\"async\" class=\"vc_single_image-img\" src=\"https:\/\/www.castle-school.co.uk\/wp-content\/uploads\/2024\/05\/review-stars-1-300x50.png\" width=\"300\" height=\"50\" alt=\"4.8 | 250 Google reviews\" title=\"\u00e9toiles de l&#039;examen\" loading=\"lazy\" \/><\/div><figcaption class=\"vc_figure-caption\">4.8 | 250 Google reviews<\/figcaption>\n\t\t<\/figure>\n\t<\/div>\n<\/div><\/div><\/div><\/div><div class=\"slide-item\"><img decoding=\"async\" src=\"https:\/\/www.castle-school.co.uk\/wp-content\/uploads\/2024\/05\/slider_two-scaled.jpg\"><div class=\"slide-wrap\"  ><div class=\"slide-content align-left\"><div class=\"container\"><\/p>\n<h1>Notre \u00e9cole d'anglais \u00e0 Brighton<\/h1>\n<p>Profitez de l'atmosph\u00e8re positive de nos cours d'anglais. Apprenez l'anglais dans de petites classes avec des \u00e9tudiants de nationalit\u00e9s, de cultures et d'\u00e2ges diff\u00e9rents. Nous proposons une gamme de cours d'anglais diff\u00e9rents pour r\u00e9pondre \u00e0 vos objectifs et \u00e0 vos besoins.\n\t<div  class=\"wpb_single_image  wpb_content_element vc_align_left\">\n\t\t\n\t\t<figure class=\"wpb_wrapper vc_figure\">\n\t\t\t<div class=\"vc_single_image-wrapper   vc_box_border_grey\"><img decoding=\"async\" class=\"vc_single_image-img\" src=\"https:\/\/www.castle-school.co.uk\/wp-content\/uploads\/2024\/05\/review-stars-1-300x50.png\" width=\"300\" height=\"50\" alt=\"4.8 | 250 Google reviews\" title=\"\u00e9toiles de l&#039;examen\" loading=\"lazy\" \/><\/div><figcaption class=\"vc_figure-caption\">4.8 | 250 Google reviews<\/figcaption>\n\t\t<\/figure>\n\t<\/div>\n<\/div><\/div><\/div><\/div><\/div><\/div><\/div><\/div><\/div><\/section><div class=\"vc_row-full-width\"><\/div><section class=\"vc_row wpb_row vc_row-fluid\"><div class=\"container\"><div class=\"wpb_column vc_column_container vc_col-sm-12\" ><div class=\"vc_column-inner\"><div class=\"wpb_wrapper\">\n  <div class=\"wpb_text_column wpb_content_element\" >\n    <div class=\"wpb_wrapper\">\n      <p>Payment Page<\/p>\n\n    <\/div>\n  <\/div>\n<\/div><\/div><\/div><\/div><\/section>\n<p><noscript>Veuillez activer JavaScript pour continuer \u00e0 remplir ce formulaire.<\/noscript><br \/>\n<fidelo-widget><\/fidelo-widget><br \/>\n<script src=\"https:\/\/proxy.fidelo.com\/app\/widget\/1.0\/castle\/js\/widget.js?c=LGN2KMKQLDCGNEM7\"><\/script><\/p>\n<\/div>","protected":false},"excerpt":{"rendered":"<p>Veuillez activer JavaScript pour continuer \u00e0 remplir ce formulaire.<\/p>","protected":false},"author":1,"featured_media":0,"parent":0,"menu_order":0,"comment_status":"closed","ping_status":"closed","template":"","meta":{"footnotes":""},"class_list":["post-996","page","type-page","status-publish","hentry"],"yoast_head":"<!-- This site is optimized with the Yoast SEO plugin v27.5 - https:\/\/yoast.com\/product\/yoast-seo-wordpress\/ -->\n<title>Payment - Castle School Brighton<\/title>\n<meta name=\"robots\" content=\"index, follow, max-snippet:-1, max-image-preview:large, max-video-preview:-1\" \/>\n<link rel=\"canonical\" href=\"https:\/\/www.castle-school.co.uk\/fr\/payment\/\" \/>\n<meta property=\"og:locale\" content=\"fr_FR\" \/>\n<meta property=\"og:type\" content=\"article\" \/>\n<meta property=\"og:title\" content=\"Payment - Castle School Brighton\" \/>\n<meta property=\"og:description\" content=\"Please enable JavaScript to continue with this form.\" \/>\n<meta property=\"og:url\" content=\"https:\/\/www.castle-school.co.uk\/fr\/payment\/\" \/>\n<meta property=\"og:site_name\" content=\"Castle School Brighton\" \/>\n<meta property=\"article:publisher\" content=\"https:\/\/www.facebook.com\/CastleSchoolofEnglish\/\" \/>\n<meta property=\"article:modified_time\" content=\"2025-09-17T10:37:26+00:00\" \/>\n<meta name=\"twitter:card\" content=\"summary_large_image\" \/>\n<meta name=\"twitter:label1\" content=\"Dur\u00e9e de lecture estim\u00e9e\" \/>\n\t<meta name=\"twitter:data1\" content=\"2 minutes\" \/>\n<script type=\"application\/ld+json\" class=\"yoast-schema-graph\">{\"@context\":\"https:\\\/\\\/schema.org\",\"@graph\":[{\"@type\":\"WebPage\",\"@id\":\"https:\\\/\\\/www.castle-school.co.uk\\\/payment\\\/\",\"url\":\"https:\\\/\\\/www.castle-school.co.uk\\\/payment\\\/\",\"name\":\"Payment - Castle School Brighton\",\"isPartOf\":{\"@id\":\"https:\\\/\\\/www.castle-school.co.uk\\\/#website\"},\"datePublished\":\"2024-05-29T11:33:03+00:00\",\"dateModified\":\"2025-09-17T10:37:26+00:00\",\"breadcrumb\":{\"@id\":\"https:\\\/\\\/www.castle-school.co.uk\\\/payment\\\/#breadcrumb\"},\"inLanguage\":\"fr-FR\",\"potentialAction\":[{\"@type\":\"ReadAction\",\"target\":[\"https:\\\/\\\/www.castle-school.co.uk\\\/payment\\\/\"]}]},{\"@type\":\"BreadcrumbList\",\"@id\":\"https:\\\/\\\/www.castle-school.co.uk\\\/payment\\\/#breadcrumb\",\"itemListElement\":[{\"@type\":\"ListItem\",\"position\":1,\"name\":\"Home\",\"item\":\"https:\\\/\\\/www.castle-school.co.uk\\\/\"},{\"@type\":\"ListItem\",\"position\":2,\"name\":\"Payment\"}]},{\"@type\":\"WebSite\",\"@id\":\"https:\\\/\\\/www.castle-school.co.uk\\\/#website\",\"url\":\"https:\\\/\\\/www.castle-school.co.uk\\\/\",\"name\":\"The Castle School of English\",\"description\":\"English school in Brighton, UK\",\"potentialAction\":[{\"@type\":\"SearchAction\",\"target\":{\"@type\":\"EntryPoint\",\"urlTemplate\":\"https:\\\/\\\/www.castle-school.co.uk\\\/?s={search_term_string}\"},\"query-input\":{\"@type\":\"PropertyValueSpecification\",\"valueRequired\":true,\"valueName\":\"search_term_string\"}}],\"inLanguage\":\"fr-FR\"}]}<\/script>\n<!-- \/ Yoast SEO plugin. -->","yoast_head_json":{"title":"Payment - Castle School Brighton","robots":{"index":"index","follow":"follow","max-snippet":"max-snippet:-1","max-image-preview":"max-image-preview:large","max-video-preview":"max-video-preview:-1"},"canonical":"https:\/\/www.castle-school.co.uk\/fr\/payment\/","og_locale":"fr_FR","og_type":"article","og_title":"Payment - Castle School Brighton","og_description":"Please enable JavaScript to continue with this form.","og_url":"https:\/\/www.castle-school.co.uk\/fr\/payment\/","og_site_name":"Castle School Brighton","article_publisher":"https:\/\/www.facebook.com\/CastleSchoolofEnglish\/","article_modified_time":"2025-09-17T10:37:26+00:00","twitter_card":"summary_large_image","twitter_misc":{"Dur\u00e9e de lecture estim\u00e9e":"2 minutes"},"schema":{"@context":"https:\/\/schema.org","@graph":[{"@type":"WebPage","@id":"https:\/\/www.castle-school.co.uk\/payment\/","url":"https:\/\/www.castle-school.co.uk\/payment\/","name":"Payment - Castle School Brighton","isPartOf":{"@id":"https:\/\/www.castle-school.co.uk\/#website"},"datePublished":"2024-05-29T11:33:03+00:00","dateModified":"2025-09-17T10:37:26+00:00","breadcrumb":{"@id":"https:\/\/www.castle-school.co.uk\/payment\/#breadcrumb"},"inLanguage":"fr-FR","potentialAction":[{"@type":"ReadAction","target":["https:\/\/www.castle-school.co.uk\/payment\/"]}]},{"@type":"BreadcrumbList","@id":"https:\/\/www.castle-school.co.uk\/payment\/#breadcrumb","itemListElement":[{"@type":"ListItem","position":1,"name":"Home","item":"https:\/\/www.castle-school.co.uk\/"},{"@type":"ListItem","position":2,"name":"Payment"}]},{"@type":"WebSite","@id":"https:\/\/www.castle-school.co.uk\/#website","url":"https:\/\/www.castle-school.co.uk\/","name":"The Castle School of English","description":"\u00c9cole d'anglais \u00e0 Brighton, Royaume-Uni","potentialAction":[{"@type":"SearchAction","target":{"@type":"EntryPoint","urlTemplate":"https:\/\/www.castle-school.co.uk\/?s={search_term_string}"},"query-input":{"@type":"PropertyValueSpecification","valueRequired":true,"valueName":"search_term_string"}}],"inLanguage":"fr-FR"}]}},"_links":{"self":[{"href":"https:\/\/www.castle-school.co.uk\/fr\/wp-json\/wp\/v2\/pages\/996","targetHints":{"allow":["GET"]}}],"collection":[{"href":"https:\/\/www.castle-school.co.uk\/fr\/wp-json\/wp\/v2\/pages"}],"about":[{"href":"https:\/\/www.castle-school.co.uk\/fr\/wp-json\/wp\/v2\/types\/page"}],"author":[{"embeddable":true,"href":"https:\/\/www.castle-school.co.uk\/fr\/wp-json\/wp\/v2\/users\/1"}],"replies":[{"embeddable":true,"href":"https:\/\/www.castle-school.co.uk\/fr\/wp-json\/wp\/v2\/comments?post=996"}],"version-history":[{"count":6,"href":"https:\/\/www.castle-school.co.uk\/fr\/wp-json\/wp\/v2\/pages\/996\/revisions"}],"predecessor-version":[{"id":1015,"href":"https:\/\/www.castle-school.co.uk\/fr\/wp-json\/wp\/v2\/pages\/996\/revisions\/1015"}],"wp:attachment":[{"href":"https:\/\/www.castle-school.co.uk\/fr\/wp-json\/wp\/v2\/media?parent=996"}],"curies":[{"name":"wp","href":"https:\/\/api.w.org\/{rel}","templated":true}]}}