{"id":2149,"date":"2025-02-21T11:11:27","date_gmt":"2025-02-21T11:11:27","guid":{"rendered":"https:\/\/www.castle-school.co.uk\/?page_id=2149"},"modified":"2026-04-02T10:40:44","modified_gmt":"2026-04-02T09:40:44","slug":"logement-chez-lhabitant","status":"publish","type":"page","link":"https:\/\/www.castle-school.co.uk\/fr\/etudier-langlais-a-brighton\/logement-chez-lhabitant\/","title":{"rendered":"Homestay"},"content":{"rendered":"<div class=\"wpb-content-wrapper\"><section data-vc-full-width=\"true\" data-vc-full-width-init=\"false\" data-vc-stretch-content=\"true\" class=\"vc_row wpb_row vc_row-fluid vc_row-no-padding\"><div class=\"container-stretch-row-content-no-spaces\"><div class=\"wpb_column vc_column_container vc_col-sm-12\" ><div class=\"vc_column-inner \"><div class=\"wpb_wrapper\"><div id=\"home-slider\" data-slick=\"{}\"><div class=\"slide-item\"><img decoding=\"async\" src=\"https:\/\/www.castle-school.co.uk\/wp-content\/uploads\/2025\/03\/martina-jorden-5Ve4o9-8-EI-unsplash_crop.jpg\"><div class=\"slide-wrap \"  ><div class=\"slide-content align-left \"><div class=\"container\"><\/p>\n<h1>Homestays<\/h1>\n<p>Become a host family in Brighton for Castle School of English.<\/div><\/div><\/div><\/div><\/div><\/div><\/div><\/div><\/div><\/section><div class=\"vc_row-full-width\"><\/div><section class=\"vc_row wpb_row vc_row-fluid\"><div class=\"container-fluid\"><div class=\"row\"><div class=\"col-lg-5 img-side img-right\"><div class=\"img-holder\"><img decoding=\"async\" src=\"https:\/\/www.castle-school.co.uk\/wp-content\/uploads\/2025\/03\/IMG-20240603-WA0001_crop2.jpg\" alt=\"\" class=\"bg-img\"><\/div><\/div><\/div><\/div><div class=\"container\"><div class=\"wpb_column vc_column_container vc_col-sm-6 vc_col-md-6\" ><div class=\"vc_column-inner \"><div class=\"wpb_wrapper\"><div class=\"title text-left primary\"><h2 class=\"\">Provide a warm welcome to International Students<\/h2><\/div>\n  <div class=\"wpb_text_column wpb_content_element  \" >\n    <div class=\"wpb_wrapper\">\n      <p>Castle School of English is a friendly language school in the heart of Brighton, welcoming students from around the world.<\/p>\n<p>Our host families in Brighton play a vital role in offering a safe, comfortable, and enriching home environment where students can experience British culture while improving their English.<\/p>\n\n    <\/div>\n  <\/div>\n<\/div><\/div><\/div><\/div><\/section><section class=\"vc_row wpb_row vc_row-fluid parallax-section parallax-right\"><div class=\"row-parallax-bg\">\n  <div class=\"parallax-wrapper\">\n    <div class=\"parallax-bg\" style=\"background-image: url(https:\/\/www.castle-school.co.uk\/wp-content\/uploads\/2025\/03\/ashe-walker-mwIJIYZNbew-unsplash-scaled.jpg);\"><\/div>\n    <div class=\"parallax-overlay\"><div class=\"inner-parallax\"><\/div><\/div>\n  <\/div>\n  <\/div><div class=\"img-wrapper d-block d-lg-none\"><img decoding=\"async\" src=\"https:\/\/www.castle-school.co.uk\/wp-content\/uploads\/2025\/03\/ashe-walker-mwIJIYZNbew-unsplash-scaled.jpg\"><div class=\"wrapper-overlay\"><\/div><\/div><div class=\"container\"><div class=\"wpb_column vc_column_container vc_col-sm-12\" ><div class=\"vc_column-inner \"><div class=\"wpb_wrapper\"><div class=\"vc_row wpb_row vc_inner vc_row-fluid\"><div class=\"wpb_column vc_column_container vc_col-sm-12 vc_col-md-offset-6 vc_col-md-6\" ><div class=\"vc_column-inner \"><div class=\"wpb_wrapper my-auto\"><div class=\"title text-left primary\"><h3 class=\"h2\">Why become a Host Family in Brighton?<\/h3><h4 class=\" primary\">Hosting an international student is a rewarding experience!<\/h4><\/div>\n  <div class=\"wpb_text_column wpb_content_element  \" >\n    <div class=\"wpb_wrapper\">\n      <p>As a host family in Brighton, you will:<\/p>\n<ul class=\"arrow-list\">\n<li>Earn extra income while welcoming students into your home.<\/li>\n<li>Enjoy a cultural exchange and help students practice English.<\/li>\n<li>Choose flexible hosting options, from short-term to long-term stays.<\/li>\n<li>Receive full support from our dedicated homestay team.<\/li>\n<\/ul>\n\n    <\/div>\n  <\/div>\n<\/div><\/div><\/div><\/div><\/div><\/div><\/div><\/div><\/section><section class=\"vc_row wpb_row vc_row-fluid vc_custom_1717498313319 parallax-section parallax-light-overlay parallax-right\"><div class=\"row-parallax-bg\">\n  <div class=\"parallax-wrapper\">\n    <div class=\"parallax-bg\" style=\"background-image: url();\"><\/div>\n    <div class=\"parallax-overlay light-overlay\"><div class=\"inner-parallax\"><\/div><\/div>\n  <\/div>\n  <\/div><div class=\"img-wrapper d-block d-lg-none\"><img decoding=\"async\" src=\"\"><div class=\"wrapper-overlay\"><\/div><\/div><div class=\"container\"><div class=\"wpb_column vc_column_container vc_col-sm-12\" ><div class=\"vc_column-inner \"><div class=\"wpb_wrapper\"><div class=\"vc_row wpb_row vc_inner vc_row-fluid vc_column-gap-20 vc_row-o-equal-height vc_row-flex\"><div class=\"d-flex wpb_column vc_column_container vc_col-sm-6 vc_col-has-fill\" ><div class=\"vc_column-inner vc_custom_1719332932217\"><div class=\"wpb_wrapper mb-auto\"><div class=\"title text-left primary\"><h4 class=\"\">What we expect from a Host Family in Brighton<\/h4><\/div>\n  <div class=\"wpb_text_column wpb_content_element   mb-lg-0\" >\n    <div class=\"wpb_wrapper\">\n      <p>We work with families across Brighton, including Patcham, Peacehaven, and Portslade. As a host, you should provide:<\/p>\n<ul class=\"arrow-list\">\n<li>A private or shared room with a bed, storage, and a desk.<\/li>\n<li>Breakfast and dinner (If half-board, lunch on weekends for full board options). Or use of kitchen for self-catering.<\/li>\n<li>A friendly and welcoming atmosphere.<\/li>\n<li>A home within 40 minutes of Castle School by public transport.<\/li>\n<\/ul>\n\n    <\/div>\n  <\/div>\n<\/div><\/div><\/div><div class=\"d-flex wpb_column vc_column_container vc_col-sm-6 vc_col-has-fill\" ><div class=\"vc_column-inner vc_custom_1741968974824\"><div class=\"wpb_wrapper mb-auto\"><div class=\"title text-left primary\"><h4 class=\"\">Benefits of being a Host Family in Brighton<\/h4><\/div>\n  <div class=\"wpb_text_column wpb_content_element   mb-lg-0\" >\n    <div class=\"wpb_wrapper\">\n      <ul class=\"arrow-list\">\n<li>Competitive bi-monthly payments.<\/li>\n<li>The chance to meet people from diverse backgrounds.<\/li>\n<li>Ongoing support and guidance from our homestay team.<\/li>\n<\/ul>\n\n    <\/div>\n  <\/div>\n<div class=\"vc_empty_space\"   style=\"height: 40px\"><span class=\"vc_empty_space_inner\"><\/span><\/div><div class=\"btn-container inline-btn-container\"><a  href=\"#documents\" class=\"btn btn-default\"  >Find out more<\/a><\/div><\/div><\/div><\/div><\/div><\/div><\/div><\/div><\/div><\/section><section class=\"vc_row wpb_row vc_row-fluid parallax-section parallax-right\"><div class=\"row-parallax-bg\">\n  <div class=\"parallax-wrapper\">\n    <div class=\"parallax-bg\" style=\"background-image: url(https:\/\/www.castle-school.co.uk\/wp-content\/uploads\/2025\/03\/homestay_img_2-edit.jpg);\"><\/div>\n    <div class=\"parallax-overlay\"><div class=\"inner-parallax\"><\/div><\/div>\n  <\/div>\n  <\/div><div class=\"img-wrapper d-block d-lg-none\"><img decoding=\"async\" src=\"https:\/\/www.castle-school.co.uk\/wp-content\/uploads\/2025\/03\/homestay_img_2-edit.jpg\"><div class=\"wrapper-overlay\"><\/div><\/div><div class=\"container\"><div class=\"wpb_column vc_column_container vc_col-sm-12\" ><div class=\"vc_column-inner \"><div class=\"wpb_wrapper\"><div class=\"vc_row wpb_row vc_inner vc_row-fluid\"><div class=\"wpb_column vc_column_container vc_col-sm-12 vc_col-md-offset-6 vc_col-md-6\" ><div class=\"vc_column-inner \"><div class=\"wpb_wrapper my-auto\"><div class=\"title text-left primary\"><h3 class=\"h2\">How to apply<\/h3><h4 class=\" primary\">Interested in becoming a host family in Brighton?<\/h4><\/div>\n  <div class=\"wpb_text_column wpb_content_element  \" >\n    <div class=\"wpb_wrapper\">\n      <p>It\u2019s simple:<\/p>\n<ol>\n<li>Download our Host Family Information Pack (PDF)<\/li>\n<li>Complete the Application Form (online or PDF)<\/li>\n<li>Home visit &amp; approval process<\/li>\n<li>Start hosting students!<\/li>\n<\/ol>\n\n    <\/div>\n  <\/div>\n<div class=\"btn-container inline-btn-container\"><a  href=\"#documents\" class=\"btn btn-secondary\"  >Let&#039;s go!<\/a><\/div><\/div><\/div><\/div><\/div><\/div><\/div><\/div><\/div><\/section><section id=\"documents\" class=\"vc_row wpb_row vc_row-fluid pb-100 parallax-section parallax-light-overlay parallax-right\"><div class=\"row-parallax-bg\">\n  <div class=\"parallax-wrapper\">\n    <div class=\"parallax-bg\" style=\"background-image: url();\"><\/div>\n    <div class=\"parallax-overlay light-overlay\"><div class=\"inner-parallax\"><\/div><\/div>\n  <\/div>\n  <\/div><div class=\"img-wrapper d-block d-lg-none\"><img decoding=\"async\" src=\"\"><div class=\"wrapper-overlay\"><\/div><\/div><div class=\"container\"><div class=\"wpb_column vc_column_container vc_col-sm-12\" ><div class=\"vc_column-inner \"><div class=\"wpb_wrapper\"><div class=\"title text-center primary\"><h3 class=\"\">Find out more and download documents<\/h3><\/div><div class=\"vc_empty_space\"   style=\"height: 40px\"><span class=\"vc_empty_space_inner\"><\/span><\/div><div class=\"vc_row wpb_row vc_inner vc_row-fluid\"><div class=\"wpb_column vc_column_container vc_col-sm-5\" ><div class=\"vc_column-inner vc_custom_1741970253388\"><div class=\"wpb_wrapper my-auto\"><div class=\"btn-container text-center\"><a  href=\"https:\/\/www.castle-school.co.uk\/wp-content\/uploads\/2025\/02\/Castle-School-Homestay-Provider-Guide-5.pdf\" class=\"btn btn-secondary\" target=\"_blank\" >Castle School Homestay Provider Guide<\/a><\/div><div class=\"vc_empty_space\"   style=\"height: 25px\"><span class=\"vc_empty_space_inner\"><\/span><\/div><div class=\"btn-container text-center\"><a  href=\"https:\/\/www.castle-school.co.uk\/wp-content\/uploads\/2025\/12\/Homestay-Agreement.docx\" class=\"btn btn-secondary\" target=\"_blank\" >Letter Agreement between Hosts &amp; Provider<\/a><\/div><\/div><\/div><\/div><div class=\"wpb_column vc_column_container vc_col-sm-4\" ><div class=\"vc_column-inner vc_custom_1741970286558\"><div class=\"wpb_wrapper my-auto\"><div class=\"btn-container text-center\"><a  href=\"https:\/\/www.castle-school.co.uk\/wp-content\/uploads\/2025\/12\/Host-Application-Form.docx\" class=\"btn btn-secondary\" target=\"_blank\" >Application Form<\/a><\/div><div class=\"vc_empty_space\"   style=\"height: 25px\"><span class=\"vc_empty_space_inner\"><\/span><\/div><div class=\"btn-container text-center\"><a  href=\"https:\/\/www.castle-school.co.uk\/wp-content\/uploads\/2025\/12\/Safeguarding-Policy.pdf\" class=\"btn btn-secondary\" target=\"_blank\" >Safeguarding Policy<\/a><\/div><\/div><\/div><\/div><div class=\"wpb_column vc_column_container vc_col-sm-3\" ><div class=\"vc_column-inner vc_custom_1741970293715\"><div class=\"wpb_wrapper my-auto\"><div class=\"btn-container text-center\"><a  href=\"https:\/\/www.castle-school.co.uk\/wp-content\/uploads\/2025\/02\/Fire-Risk-Assessment-2025.docx\" class=\"btn btn-secondary\" target=\"_blank\" >Fire Risk Assessment<\/a><\/div><div class=\"vc_empty_space\"   style=\"height: 25px\"><span class=\"vc_empty_space_inner\"><\/span><\/div><div class=\"btn-container text-center\"><a  href=\"https:\/\/www.castle-school.co.uk\/wp-content\/uploads\/2025\/12\/Children-Act.pdf\" class=\"btn btn-secondary\" target=\"_blank\" >Children Act<\/a><\/div><\/div><\/div><\/div><\/div><\/div><\/div><\/div><\/div><\/section><section class=\"vc_row wpb_row vc_row-fluid grey-bg pb-50\"><div class=\"container\"><div class=\"wpb_column vc_column_container vc_col-sm-12\" ><div class=\"vc_column-inner \"><div class=\"wpb_wrapper\"><div class=\"title text-left primary\"><h3 class=\"\">Send us a message<\/h3><\/div>\n  <div class=\"wpb_text_column wpb_content_element   mb-0\" >\n    <div class=\"wpb_wrapper\">\n      <div class=\"frm_forms  with_frm_style frm_style_formidable-style\" id=\"frm_form_1_container\" >\n<form enctype=\"multipart\/form-data\" method=\"post\" class=\"frm-show-form  frm_pro_form \" id=\"form_contact-form\" >\n<div class=\"frm_form_fields \">\n<fieldset>\n<legend class=\"frm_screen_reader\">Contact Us<\/legend>\r\n\r\n<div class=\"frm_fields_container\">\n<input type=\"hidden\" name=\"frm_action\" value=\"create\" \/>\n<input type=\"hidden\" name=\"form_id\" value=\"1\" \/>\n<input type=\"hidden\" name=\"frm_hide_fields_1\" id=\"frm_hide_fields_1\" value=\"\" \/>\n<input type=\"hidden\" name=\"form_key\" value=\"contact-form\" \/>\n<input type=\"hidden\" name=\"item_meta[0]\" value=\"\" \/>\n<input type=\"hidden\" id=\"frm_submit_entry_1\" name=\"frm_submit_entry_1\" value=\"d9ba8ac7ac\" \/><input type=\"hidden\" name=\"_wp_http_referer\" value=\"\/fr\/wp-json\/wp\/v2\/pages\/2149\" \/><div id=\"frm_field_1_container\" class=\"frm_form_field form-field  frm_required_field frm_none_container frm4 frm_first\">\r\n    <label for=\"field_qh4icy\" id=\"field_qh4icy_label\" class=\"frm_primary_label\">Name\r\n        <span class=\"frm_required\" aria-hidden=\"true\">*<\/span>\r\n    <\/label>\r\n    <input  type=\"text\" id=\"field_qh4icy\" name=\"item_meta[1]\" value=\"\"  placeholder=\"Name\" data-reqmsg=\"Name cannot be blank.\" aria-required=\"true\" data-invmsg=\"Name is invalid\" aria-invalid=\"false\"   \/>\r\n    \r\n    \r\n<\/div>\n<div id=\"frm_field_3_container\" class=\"frm_form_field form-field  frm_required_field frm_none_container frm4\">\r\n    <label for=\"field_29yf4d\" id=\"field_29yf4d_label\" class=\"frm_primary_label\">Email\r\n        <span class=\"frm_required\" aria-hidden=\"true\">*<\/span>\r\n    <\/label>\r\n    <input type=\"email\" id=\"field_29yf4d\" name=\"item_meta[3]\" value=\"\"  placeholder=\"Email\" data-reqmsg=\"Email cannot be blank.\" aria-required=\"true\" data-invmsg=\"Please enter a valid email address\" aria-invalid=\"false\"  \/>\r\n    \r\n    \r\n<\/div>\n<div id=\"frm_field_6_container\" class=\"frm_form_field form-field  frm_required_field frm_none_container frm4\">\r\n    <label for=\"field_cnf76\" id=\"field_cnf76_label\" class=\"frm_primary_label\">Nationality\r\n        <span class=\"frm_required\" aria-hidden=\"true\">*<\/span>\r\n    <\/label>\r\n    <input  type=\"text\" id=\"field_cnf76\" name=\"item_meta[6]\" value=\"\"  placeholder=\"Nationality\" data-reqmsg=\"Nationality cannot be blank.\" aria-required=\"true\" data-invmsg=\"Text is invalid\" aria-invalid=\"false\"   \/>\r\n    \r\n    \r\n<\/div>\n<div id=\"frm_field_5_container\" class=\"frm_form_field form-field  frm_required_field frm_none_container frm_full\">\r\n    <label for=\"field_9jv0r1\" id=\"field_9jv0r1_label\" class=\"frm_primary_label\">How can we help?\r\n        <span class=\"frm_required\" aria-hidden=\"true\">*<\/span>\r\n    <\/label>\r\n    <textarea name=\"item_meta[5]\" id=\"field_9jv0r1\" rows=\"3\"  placeholder=\"How can we help?\" data-reqmsg=\"How can we help? cannot be blank.\" aria-required=\"true\" data-invmsg=\"How can we help? is invalid\" aria-invalid=\"false\"  ><\/textarea>\r\n    \r\n    \r\n<\/div>\n<div id=\"frm_field_42_container\" class=\"frm_form_field form-field  frm_none_container\">\n\t<label for=\"g-recaptcha-response\" id=\"field_adfeo_label\" class=\"frm_primary_label\">Captcha\n\t\t<span class=\"frm_required\" aria-hidden=\"true\"><\/span>\n\t<\/label>\n\t<div  id=\"field_adfeo\" class=\"frm-g-recaptcha\" data-sitekey=\"6Lf5uxUqAAAAAGCL_v1_es81SthU0MHZy_4-28-G\" data-size=\"invisible\" data-theme=\"light\"><\/div>\n\t\n\t\n<\/div>\n<div id=\"frm_field_41_container\" class=\"frm_form_field form-field \">\r\n\t<div class=\"frm_submit\">\r\n\r\n<button class=\"frm_button_submit frm_final_submit\" type=\"submit\"   formnovalidate=\"formnovalidate\">Send this form<\/button>\r\n\r\n\r\n<\/div>\r\n<\/div>\n\t<input type=\"hidden\" name=\"item_key\" value=\"\" \/>\n\t\t\t<div id=\"frm_field_43_container\">\n\t\t\t<label for=\"field_gne2t\" >\n\t\t\t\tSi vous \u00eates un humain, ne remplissez pas ce champ.\t\t\t<\/label>\n\t\t\t<input  id=\"field_gne2t\" type=\"text\" class=\"frm_form_field form-field frm_verify\" name=\"item_meta[43]\" value=\"\"  \/>\n\t\t<\/div>\n\t\t<input name=\"frm_state\" type=\"hidden\" value=\"j747S5jX0WbjcBPFTk49d7dTC9VeRlPeYP6kgCPm5gcK38caG4BZmZv1Y90uwwnt\" \/><\/div>\n<\/fieldset>\n<\/div>\n\n<\/form>\n<\/div>\n\n\n    <\/div>\n  <\/div>\n<\/div><\/div><\/div><\/div><\/section>\n<\/div>","protected":false},"excerpt":{"rendered":"Homestays Become a host family in Brighton for Castle School of English.Provide a warm welcome to International Students Castle School of English is a friendly language school in the heart of Brighton, welcoming students from around the world. Our host families in Brighton play a vital role in offering a safe, comfortable, and enriching home [...]","protected":false},"author":4,"featured_media":0,"parent":1016,"menu_order":0,"comment_status":"closed","ping_status":"closed","template":"","meta":{"footnotes":""},"class_list":["post-2149","page","type-page","status-publish","hentry"],"yoast_head":"<!-- This site is optimized with the Yoast SEO plugin v27.3 - https:\/\/yoast.com\/product\/yoast-seo-wordpress\/ -->\n<title>Homestay - Castle School Brighton<\/title>\n<meta name=\"description\" content=\"Become a host family in Brighton for international students at Castle School of English. Provide a welcoming home, earn extra income, and enjoy cultural exchange. Apply now!\" \/>\n<meta name=\"robots\" content=\"index, follow, max-snippet:-1, max-image-preview:large, max-video-preview:-1\" \/>\n<link rel=\"canonical\" href=\"https:\/\/www.castle-school.co.uk\/fr\/etudier-langlais-a-brighton\/logement-chez-lhabitant\/\" \/>\n<meta property=\"og:locale\" content=\"fr_FR\" \/>\n<meta property=\"og:type\" content=\"article\" \/>\n<meta property=\"og:title\" content=\"Homestay - Castle School Brighton\" \/>\n<meta property=\"og:description\" content=\"Become a host family in Brighton for international students at Castle School of English. Provide a welcoming home, earn extra income, and enjoy cultural exchange. Apply now!\" \/>\n<meta property=\"og:url\" content=\"https:\/\/www.castle-school.co.uk\/fr\/etudier-langlais-a-brighton\/logement-chez-lhabitant\/\" \/>\n<meta property=\"og:site_name\" content=\"Castle School Brighton\" \/>\n<meta property=\"article:publisher\" content=\"https:\/\/www.facebook.com\/CastleSchoolofEnglish\/\" \/>\n<meta property=\"article:modified_time\" content=\"2026-04-02T09:40:44+00:00\" \/>\n<meta property=\"og:image\" content=\"https:\/\/www.castle-school.co.uk\/wp-content\/uploads\/2024\/06\/banner_blue_1-e1740492971756.jpg\" \/>\n<meta name=\"twitter:card\" content=\"summary_large_image\" \/>\n<meta name=\"twitter:label1\" content=\"Dur\u00e9e de lecture estim\u00e9e\" \/>\n\t<meta name=\"twitter:data1\" content=\"5 minutes\" \/>\n<script type=\"application\/ld+json\" class=\"yoast-schema-graph\">{\"@context\":\"https:\\\/\\\/schema.org\",\"@graph\":[{\"@type\":\"WebPage\",\"@id\":\"https:\\\/\\\/www.castle-school.co.uk\\\/study-english-in-brighton\\\/homestay\\\/\",\"url\":\"https:\\\/\\\/www.castle-school.co.uk\\\/study-english-in-brighton\\\/homestay\\\/\",\"name\":\"Homestay - Castle School Brighton\",\"isPartOf\":{\"@id\":\"https:\\\/\\\/www.castle-school.co.uk\\\/#website\"},\"primaryImageOfPage\":{\"@id\":\"https:\\\/\\\/www.castle-school.co.uk\\\/study-english-in-brighton\\\/homestay\\\/#primaryimage\"},\"image\":{\"@id\":\"https:\\\/\\\/www.castle-school.co.uk\\\/study-english-in-brighton\\\/homestay\\\/#primaryimage\"},\"thumbnailUrl\":\"https:\\\/\\\/www.castle-school.co.uk\\\/wp-content\\\/uploads\\\/2024\\\/06\\\/banner_blue_1-e1740492971756.jpg\",\"datePublished\":\"2025-02-21T11:11:27+00:00\",\"dateModified\":\"2026-04-02T09:40:44+00:00\",\"description\":\"Become a host family in Brighton for international students at Castle School of English. Provide a welcoming home, earn extra income, and enjoy cultural exchange. Apply now!\",\"breadcrumb\":{\"@id\":\"https:\\\/\\\/www.castle-school.co.uk\\\/study-english-in-brighton\\\/homestay\\\/#breadcrumb\"},\"inLanguage\":\"fr-FR\",\"potentialAction\":[{\"@type\":\"ReadAction\",\"target\":[\"https:\\\/\\\/www.castle-school.co.uk\\\/study-english-in-brighton\\\/homestay\\\/\"]}]},{\"@type\":\"ImageObject\",\"inLanguage\":\"fr-FR\",\"@id\":\"https:\\\/\\\/www.castle-school.co.uk\\\/study-english-in-brighton\\\/homestay\\\/#primaryimage\",\"url\":\"https:\\\/\\\/www.castle-school.co.uk\\\/wp-content\\\/uploads\\\/2024\\\/06\\\/banner_blue_1-e1740492971756.jpg\",\"contentUrl\":\"https:\\\/\\\/www.castle-school.co.uk\\\/wp-content\\\/uploads\\\/2024\\\/06\\\/banner_blue_1-e1740492971756.jpg\"},{\"@type\":\"BreadcrumbList\",\"@id\":\"https:\\\/\\\/www.castle-school.co.uk\\\/study-english-in-brighton\\\/homestay\\\/#breadcrumb\",\"itemListElement\":[{\"@type\":\"ListItem\",\"position\":1,\"name\":\"Home\",\"item\":\"https:\\\/\\\/www.castle-school.co.uk\\\/\"},{\"@type\":\"ListItem\",\"position\":2,\"name\":\"Study English in Brighton\",\"item\":\"https:\\\/\\\/www.castle-school.co.uk\\\/study-english-in-brighton\\\/\"},{\"@type\":\"ListItem\",\"position\":3,\"name\":\"Homestay\"}]},{\"@type\":\"WebSite\",\"@id\":\"https:\\\/\\\/www.castle-school.co.uk\\\/#website\",\"url\":\"https:\\\/\\\/www.castle-school.co.uk\\\/\",\"name\":\"The Castle School of English\",\"description\":\"English school in Brighton, UK\",\"potentialAction\":[{\"@type\":\"SearchAction\",\"target\":{\"@type\":\"EntryPoint\",\"urlTemplate\":\"https:\\\/\\\/www.castle-school.co.uk\\\/?s={search_term_string}\"},\"query-input\":{\"@type\":\"PropertyValueSpecification\",\"valueRequired\":true,\"valueName\":\"search_term_string\"}}],\"inLanguage\":\"fr-FR\"}]}<\/script>\n<!-- \/ Yoast SEO plugin. -->","yoast_head_json":{"title":"Famille d'accueil - Castle School Brighton","description":"Devenez une famille d'accueil \u00e0 Brighton pour les \u00e9tudiants internationaux de Castle School of English. Offrez un foyer accueillant, gagnez un revenu suppl\u00e9mentaire et profitez d'un \u00e9change culturel. Postulez d\u00e8s maintenant !","robots":{"index":"index","follow":"follow","max-snippet":"max-snippet:-1","max-image-preview":"max-image-preview:large","max-video-preview":"max-video-preview:-1"},"canonical":"https:\/\/www.castle-school.co.uk\/fr\/etudier-langlais-a-brighton\/logement-chez-lhabitant\/","og_locale":"fr_FR","og_type":"article","og_title":"Homestay - Castle School Brighton","og_description":"Become a host family in Brighton for international students at Castle School of English. Provide a welcoming home, earn extra income, and enjoy cultural exchange. Apply now!","og_url":"https:\/\/www.castle-school.co.uk\/fr\/etudier-langlais-a-brighton\/logement-chez-lhabitant\/","og_site_name":"Castle School Brighton","article_publisher":"https:\/\/www.facebook.com\/CastleSchoolofEnglish\/","article_modified_time":"2026-04-02T09:40:44+00:00","og_image":[{"url":"https:\/\/www.castle-school.co.uk\/wp-content\/uploads\/2024\/06\/banner_blue_1-e1740492971756.jpg","type":"","width":"","height":""}],"twitter_card":"summary_large_image","twitter_misc":{"Dur\u00e9e de lecture estim\u00e9e":"5 minutes"},"schema":{"@context":"https:\/\/schema.org","@graph":[{"@type":"WebPage","@id":"https:\/\/www.castle-school.co.uk\/study-english-in-brighton\/homestay\/","url":"https:\/\/www.castle-school.co.uk\/study-english-in-brighton\/homestay\/","name":"Famille d'accueil - Castle School Brighton","isPartOf":{"@id":"https:\/\/www.castle-school.co.uk\/#website"},"primaryImageOfPage":{"@id":"https:\/\/www.castle-school.co.uk\/study-english-in-brighton\/homestay\/#primaryimage"},"image":{"@id":"https:\/\/www.castle-school.co.uk\/study-english-in-brighton\/homestay\/#primaryimage"},"thumbnailUrl":"https:\/\/www.castle-school.co.uk\/wp-content\/uploads\/2024\/06\/banner_blue_1-e1740492971756.jpg","datePublished":"2025-02-21T11:11:27+00:00","dateModified":"2026-04-02T09:40:44+00:00","description":"Devenez une famille d'accueil \u00e0 Brighton pour les \u00e9tudiants internationaux de Castle School of English. Offrez un foyer accueillant, gagnez un revenu suppl\u00e9mentaire et profitez d'un \u00e9change culturel. Postulez d\u00e8s maintenant !","breadcrumb":{"@id":"https:\/\/www.castle-school.co.uk\/study-english-in-brighton\/homestay\/#breadcrumb"},"inLanguage":"fr-FR","potentialAction":[{"@type":"ReadAction","target":["https:\/\/www.castle-school.co.uk\/study-english-in-brighton\/homestay\/"]}]},{"@type":"ImageObject","inLanguage":"fr-FR","@id":"https:\/\/www.castle-school.co.uk\/study-english-in-brighton\/homestay\/#primaryimage","url":"https:\/\/www.castle-school.co.uk\/wp-content\/uploads\/2024\/06\/banner_blue_1-e1740492971756.jpg","contentUrl":"https:\/\/www.castle-school.co.uk\/wp-content\/uploads\/2024\/06\/banner_blue_1-e1740492971756.jpg"},{"@type":"BreadcrumbList","@id":"https:\/\/www.castle-school.co.uk\/study-english-in-brighton\/homestay\/#breadcrumb","itemListElement":[{"@type":"ListItem","position":1,"name":"Home","item":"https:\/\/www.castle-school.co.uk\/"},{"@type":"ListItem","position":2,"name":"Study English in Brighton","item":"https:\/\/www.castle-school.co.uk\/study-english-in-brighton\/"},{"@type":"ListItem","position":3,"name":"Homestay"}]},{"@type":"WebSite","@id":"https:\/\/www.castle-school.co.uk\/#website","url":"https:\/\/www.castle-school.co.uk\/","name":"The Castle School of English","description":"\u00c9cole d'anglais \u00e0 Brighton, Royaume-Uni","potentialAction":[{"@type":"SearchAction","target":{"@type":"EntryPoint","urlTemplate":"https:\/\/www.castle-school.co.uk\/?s={search_term_string}"},"query-input":{"@type":"PropertyValueSpecification","valueRequired":true,"valueName":"search_term_string"}}],"inLanguage":"fr-FR"}]}},"_links":{"self":[{"href":"https:\/\/www.castle-school.co.uk\/fr\/wp-json\/wp\/v2\/pages\/2149","targetHints":{"allow":["GET"]}}],"collection":[{"href":"https:\/\/www.castle-school.co.uk\/fr\/wp-json\/wp\/v2\/pages"}],"about":[{"href":"https:\/\/www.castle-school.co.uk\/fr\/wp-json\/wp\/v2\/types\/page"}],"author":[{"embeddable":true,"href":"https:\/\/www.castle-school.co.uk\/fr\/wp-json\/wp\/v2\/users\/4"}],"replies":[{"embeddable":true,"href":"https:\/\/www.castle-school.co.uk\/fr\/wp-json\/wp\/v2\/comments?post=2149"}],"version-history":[{"count":89,"href":"https:\/\/www.castle-school.co.uk\/fr\/wp-json\/wp\/v2\/pages\/2149\/revisions"}],"predecessor-version":[{"id":2675,"href":"https:\/\/www.castle-school.co.uk\/fr\/wp-json\/wp\/v2\/pages\/2149\/revisions\/2675"}],"up":[{"embeddable":true,"href":"https:\/\/www.castle-school.co.uk\/fr\/wp-json\/wp\/v2\/pages\/1016"}],"wp:attachment":[{"href":"https:\/\/www.castle-school.co.uk\/fr\/wp-json\/wp\/v2\/media?parent=2149"}],"curies":[{"name":"wp","href":"https:\/\/api.w.org\/{rel}","templated":true}]}}