{"id":1564,"date":"2024-06-25T15:56:31","date_gmt":"2024-06-25T14:56:31","guid":{"rendered":"https:\/\/www.castle-school.co.uk\/?page_id=1564"},"modified":"2025-09-17T11:37:51","modified_gmt":"2025-09-17T10:37:51","slug":"politique-de-confidentialite","status":"publish","type":"page","link":"https:\/\/www.castle-school.co.uk\/fr\/politique-de-confidentialite\/","title":{"rendered":"Politique de confidentialit\u00e9"},"content":{"rendered":"<div class=\"wpb-content-wrapper\"><section data-vc-full-width=\"true\" data-vc-full-width-init=\"false\" data-vc-stretch-content=\"true\" class=\"vc_row wpb_row vc_row-fluid vc_row-no-padding\"><div class=\"container-stretch-row-content-no-spaces\"><div class=\"wpb_column vc_column_container vc_col-sm-12\" ><div class=\"vc_column-inner\"><div class=\"wpb_wrapper\"><div id=\"home-slider\" data-slick=\"{}\"><div class=\"slide-item\"><img decoding=\"async\" src=\"https:\/\/www.castle-school.co.uk\/wp-content\/uploads\/2024\/05\/IMG_20240228_174333_764_crop.jpg\"><div class=\"slide-wrap\"  ><div class=\"slide-content align-left\"><div class=\"container\"><\/p>\n<h1>Politique de confidentialit\u00e9<\/h1>\n<p>Veuillez lire attentivement les informations ci-dessous.<\/div><\/div><\/div><\/div><\/div><\/div><\/div><\/div><\/div><\/section><div class=\"vc_row-full-width\"><\/div><section class=\"vc_row wpb_row vc_row-fluid pb-130 vc_custom_1718901213483 parallax-section parallax-light-overlay parallax-right\"><div class=\"row-parallax-bg\">\n  <div class=\"parallax-wrapper\">\n    <div class=\"parallax-bg\" style=\"background-image: url();\"><\/div>\n    <div class=\"parallax-overlay light-overlay\"><div class=\"inner-parallax\"><\/div><\/div>\n  <\/div>\n  <\/div><div class=\"img-wrapper d-block d-lg-none\"><img decoding=\"async\" src=\"\"><div class=\"wrapper-overlay\"><\/div><\/div><div class=\"container\"><div class=\"wpb_column vc_column_container vc_col-sm-12\" ><div class=\"vc_column-inner\"><div class=\"wpb_wrapper\">\n  <div class=\"wpb_text_column wpb_content_element   mb-0\" >\n    <div class=\"wpb_wrapper\">\n      <p>Nous consid\u00e9rons que le traitement l\u00e9gal et correct des informations personnelles est important pour la r\u00e9ussite de nos activit\u00e9s et pour le maintien de la confiance des personnes avec lesquelles nous traitons. Nous veillerons \u00e0 ce que notre personnel et les personnes agissant en notre nom obtiennent, utilisent et divulguent les informations personnelles de mani\u00e8re l\u00e9gale et correcte. \u00c0 cette fin, nous souscrivons pleinement aux principes de la protection des donn\u00e9es, tels qu'ils sont \u00e9nonc\u00e9s dans la loi britannique de 1998 sur la protection des donn\u00e9es (la \"loi\"), et nous y adh\u00e9rons.<\/p>\n<p>En particulier, nous allons<\/p>\n<ol class=\"list\">\n<li>respecter les conditions de la loi concernant la collecte et l'utilisation \u00e9quitables des donn\u00e9es \u00e0 caract\u00e8re personnel (voir ci-dessous les donn\u00e9es \u00e0 caract\u00e8re personnel collect\u00e9es via notre site web) ;<\/li>\n<li>r\u00e9pondre \u00e0 nos obligations l\u00e9gales de pr\u00e9ciser les finalit\u00e9s pour lesquelles nous traitons les informations personnelles, ces informations \u00e9tant pr\u00e9sent\u00e9es dans nos notifications de protection des donn\u00e9es qui peuvent \u00eatre consult\u00e9es sur le site Web du commissaire \u00e0 l'information \u00e0 l'adresse suivante\u00a0<a href=\"http:\/\/www.ico.gov.uk;\/\">www.ico.gov.uk ;<\/a><\/li>\n<li>collecter et traiter les informations personnelles appropri\u00e9es, uniquement dans la mesure o\u00f9 elles sont n\u00e9cessaires pour r\u00e9pondre \u00e0 nos besoins op\u00e9rationnels ou pour se conformer \u00e0 toute exigence l\u00e9gale ; veuillez noter que nous pouvons partager vos donn\u00e9es avec des organismes statutaires et r\u00e9glementaires dans la mesure o\u00f9 la loi l'exige.<\/li>\n<li>assurer l'exactitude de toute information personnelle conserv\u00e9e par nous ;<\/li>\n<li>effectuer des contr\u00f4les pour d\u00e9terminer la dur\u00e9e de conservation des informations personnelles ;<\/li>\n<li>veiller \u00e0 ce que les droits des personnes au sujet desquelles des informations personnelles sont d\u00e9tenues puissent \u00eatre pleinement exerc\u00e9s en vertu de la loi ;<\/li>\n<li>prendre les mesures de s\u00e9curit\u00e9 techniques et organisationnelles appropri\u00e9es pour prot\u00e9ger les informations \u00e0 caract\u00e8re personnel ;<\/li>\n<li>s'assurer que les informations personnelles ne sont pas transf\u00e9r\u00e9es en dehors de l'Espace \u00e9conomique europ\u00e9en sans garanties appropri\u00e9es ou sans l'accord de la personne concern\u00e9e.<\/li>\n<\/ol>\n<p>Si nous recueillons des informations personnelles par l'interm\u00e9diaire de notre site web, nous nous efforcerons de veiller \u00e0 ce que vous en soyez inform\u00e9 :<\/p>\n<ol class=\"list\">\n<li>l'objectif de la collecte des informations<\/li>\n<li>l'utilisation qui sera faite des informations<\/li>\n<li>l'identit\u00e9 de toute autre personne \u00e0 qui les informations seront communiqu\u00e9es et l'usage qu'elle en fera<\/li>\n<li>comment vous pouvez demander des copies de toute information personnelle que nous d\u00e9tenons sur vous.<\/li>\n<\/ol>\n<p>Veuillez noter que lorsque notre site web contient des liens vers d'autres sites web, nous ne sommes pas responsables des pratiques de ces autres sites en mati\u00e8re de protection de la vie priv\u00e9e et la pr\u00e9sente d\u00e9claration s'applique uniquement aux informations personnelles collect\u00e9es par notre site web.<\/p>\n<p><em>Avis important<\/em><\/p>\n<p><em>Castle School agit uniquement en tant qu'interm\u00e9diaire entre ses \u00e9tudiants, les organisations de voyage et les agences d'h\u00e9bergement. Si vous choisissez d'utiliser les services de l'une de ces soci\u00e9t\u00e9s, il est entendu que Castle School n'est en aucun cas responsable d'un retard ou d'un accident au cours d'un voyage ou d'un s\u00e9jour.<\/em><\/p>\n\n    <\/div>\n  <\/div>\n<\/div><\/div><\/div><\/div><\/section>\n<\/div>","protected":false},"excerpt":{"rendered":"Privacy Policy Please read the below information carefully. We regard the lawful and correct treatment of personal information as important to our successful operations and to the maintenance of confidence of those with whom we deal. We will ensure that our staff and those acting on our behalf obtain, use and disclose personal information lawfully [...]","protected":false},"author":1,"featured_media":0,"parent":0,"menu_order":0,"comment_status":"closed","ping_status":"closed","template":"","meta":{"footnotes":""},"class_list":["post-1564","page","type-page","status-publish","hentry"],"yoast_head":"<!-- This site is optimized with the Yoast SEO plugin v27.3 - https:\/\/yoast.com\/product\/yoast-seo-wordpress\/ -->\n<title>Privacy Policy - Castle School Brighton<\/title>\n<meta name=\"robots\" content=\"index, follow, max-snippet:-1, max-image-preview:large, max-video-preview:-1\" \/>\n<link rel=\"canonical\" href=\"https:\/\/www.castle-school.co.uk\/fr\/politique-de-confidentialite\/\" \/>\n<meta property=\"og:locale\" content=\"fr_FR\" \/>\n<meta property=\"og:type\" content=\"article\" \/>\n<meta property=\"og:title\" content=\"Privacy Policy - Castle School Brighton\" \/>\n<meta property=\"og:url\" content=\"https:\/\/www.castle-school.co.uk\/fr\/politique-de-confidentialite\/\" \/>\n<meta property=\"og:site_name\" content=\"Castle School Brighton\" \/>\n<meta property=\"article:publisher\" content=\"https:\/\/www.facebook.com\/CastleSchoolofEnglish\/\" \/>\n<meta property=\"article:modified_time\" content=\"2025-09-17T10:37:51+00:00\" \/>\n<meta name=\"twitter:card\" content=\"summary_large_image\" \/>\n<meta name=\"twitter:label1\" content=\"Dur\u00e9e de lecture estim\u00e9e\" \/>\n\t<meta name=\"twitter:data1\" content=\"3 minutes\" \/>\n<script type=\"application\/ld+json\" class=\"yoast-schema-graph\">{\"@context\":\"https:\\\/\\\/schema.org\",\"@graph\":[{\"@type\":\"WebPage\",\"@id\":\"https:\\\/\\\/www.castle-school.co.uk\\\/privacy-policy\\\/\",\"url\":\"https:\\\/\\\/www.castle-school.co.uk\\\/privacy-policy\\\/\",\"name\":\"Privacy Policy - Castle School Brighton\",\"isPartOf\":{\"@id\":\"https:\\\/\\\/www.castle-school.co.uk\\\/#website\"},\"datePublished\":\"2024-06-25T14:56:31+00:00\",\"dateModified\":\"2025-09-17T10:37:51+00:00\",\"breadcrumb\":{\"@id\":\"https:\\\/\\\/www.castle-school.co.uk\\\/privacy-policy\\\/#breadcrumb\"},\"inLanguage\":\"fr-FR\",\"potentialAction\":[{\"@type\":\"ReadAction\",\"target\":[\"https:\\\/\\\/www.castle-school.co.uk\\\/privacy-policy\\\/\"]}]},{\"@type\":\"BreadcrumbList\",\"@id\":\"https:\\\/\\\/www.castle-school.co.uk\\\/privacy-policy\\\/#breadcrumb\",\"itemListElement\":[{\"@type\":\"ListItem\",\"position\":1,\"name\":\"Home\",\"item\":\"https:\\\/\\\/www.castle-school.co.uk\\\/\"},{\"@type\":\"ListItem\",\"position\":2,\"name\":\"Privacy Policy\"}]},{\"@type\":\"WebSite\",\"@id\":\"https:\\\/\\\/www.castle-school.co.uk\\\/#website\",\"url\":\"https:\\\/\\\/www.castle-school.co.uk\\\/\",\"name\":\"The Castle School of English\",\"description\":\"English school in Brighton, UK\",\"potentialAction\":[{\"@type\":\"SearchAction\",\"target\":{\"@type\":\"EntryPoint\",\"urlTemplate\":\"https:\\\/\\\/www.castle-school.co.uk\\\/?s={search_term_string}\"},\"query-input\":{\"@type\":\"PropertyValueSpecification\",\"valueRequired\":true,\"valueName\":\"search_term_string\"}}],\"inLanguage\":\"fr-FR\"}]}<\/script>\n<!-- \/ Yoast SEO plugin. -->","yoast_head_json":{"title":"Politique de confidentialit\u00e9 - Castle School Brighton","robots":{"index":"index","follow":"follow","max-snippet":"max-snippet:-1","max-image-preview":"max-image-preview:large","max-video-preview":"max-video-preview:-1"},"canonical":"https:\/\/www.castle-school.co.uk\/fr\/politique-de-confidentialite\/","og_locale":"fr_FR","og_type":"article","og_title":"Privacy Policy - Castle School Brighton","og_url":"https:\/\/www.castle-school.co.uk\/fr\/politique-de-confidentialite\/","og_site_name":"Castle School Brighton","article_publisher":"https:\/\/www.facebook.com\/CastleSchoolofEnglish\/","article_modified_time":"2025-09-17T10:37:51+00:00","twitter_card":"summary_large_image","twitter_misc":{"Dur\u00e9e de lecture estim\u00e9e":"3 minutes"},"schema":{"@context":"https:\/\/schema.org","@graph":[{"@type":"WebPage","@id":"https:\/\/www.castle-school.co.uk\/privacy-policy\/","url":"https:\/\/www.castle-school.co.uk\/privacy-policy\/","name":"Politique de confidentialit\u00e9 - Castle School Brighton","isPartOf":{"@id":"https:\/\/www.castle-school.co.uk\/#website"},"datePublished":"2024-06-25T14:56:31+00:00","dateModified":"2025-09-17T10:37:51+00:00","breadcrumb":{"@id":"https:\/\/www.castle-school.co.uk\/privacy-policy\/#breadcrumb"},"inLanguage":"fr-FR","potentialAction":[{"@type":"ReadAction","target":["https:\/\/www.castle-school.co.uk\/privacy-policy\/"]}]},{"@type":"BreadcrumbList","@id":"https:\/\/www.castle-school.co.uk\/privacy-policy\/#breadcrumb","itemListElement":[{"@type":"ListItem","position":1,"name":"Home","item":"https:\/\/www.castle-school.co.uk\/"},{"@type":"ListItem","position":2,"name":"Privacy Policy"}]},{"@type":"WebSite","@id":"https:\/\/www.castle-school.co.uk\/#website","url":"https:\/\/www.castle-school.co.uk\/","name":"The Castle School of English","description":"\u00c9cole d'anglais \u00e0 Brighton, Royaume-Uni","potentialAction":[{"@type":"SearchAction","target":{"@type":"EntryPoint","urlTemplate":"https:\/\/www.castle-school.co.uk\/?s={search_term_string}"},"query-input":{"@type":"PropertyValueSpecification","valueRequired":true,"valueName":"search_term_string"}}],"inLanguage":"fr-FR"}]}},"_links":{"self":[{"href":"https:\/\/www.castle-school.co.uk\/fr\/wp-json\/wp\/v2\/pages\/1564","targetHints":{"allow":["GET"]}}],"collection":[{"href":"https:\/\/www.castle-school.co.uk\/fr\/wp-json\/wp\/v2\/pages"}],"about":[{"href":"https:\/\/www.castle-school.co.uk\/fr\/wp-json\/wp\/v2\/types\/page"}],"author":[{"embeddable":true,"href":"https:\/\/www.castle-school.co.uk\/fr\/wp-json\/wp\/v2\/users\/1"}],"replies":[{"embeddable":true,"href":"https:\/\/www.castle-school.co.uk\/fr\/wp-json\/wp\/v2\/comments?post=1564"}],"version-history":[{"count":2,"href":"https:\/\/www.castle-school.co.uk\/fr\/wp-json\/wp\/v2\/pages\/1564\/revisions"}],"predecessor-version":[{"id":1566,"href":"https:\/\/www.castle-school.co.uk\/fr\/wp-json\/wp\/v2\/pages\/1564\/revisions\/1566"}],"wp:attachment":[{"href":"https:\/\/www.castle-school.co.uk\/fr\/wp-json\/wp\/v2\/media?parent=1564"}],"curies":[{"name":"wp","href":"https:\/\/api.w.org\/{rel}","templated":true}]}}